{"id":24,"date":"2023-07-31T10:31:24","date_gmt":"2023-07-31T08:31:24","guid":{"rendered":"https:\/\/www.lazarus-union.international\/diabetes\/?page_id=24"},"modified":"2024-07-20T16:05:31","modified_gmt":"2024-07-20T14:05:31","slug":"what-is-your-risk","status":"publish","type":"page","link":"https:\/\/www.lazarus-union.international\/diabetes\/de\/what-is-your-risk\/","title":{"rendered":"WIE HOCH IST IHR RISIKO?"},"content":{"rendered":"<h4 class=\"wp-block-heading\">Dieser Test bestimmt Ihr Diabetesrisiko schnell und zuverl\u00e4ssig:<\/h4>\n\n\n\n<p>(Es werden keine pers\u00f6nlichen Daten wie die IP-Adresse oder die eingegebenen Werte gespeichert!)<\/p>\n\n\n\n<h6 class=\"wp-block-heading\">Berechnen Sie Ihren Body Mass Index (BMI) und notieren Sie ihn,<\/h6>\n\n\n<style>\n\t\t\t\t#fcp-bmi-intake-form {\n\t\t\t\t    margin: 0px;\n\t\t\t\t    padding: 0px;\n\t\t\t\t    border: solid 2px #4f91cd;\n\t\t\t\t    width: 100%;\n\t\t\t\t}#fcp-bmi-intake-form h3 {\n\t\t\t\t    text-transform: uppercase;\n\t\t\t\t    background-color: #4f91cd;\n\t\t\t\t    padding: 2%;\n\t\t\t\t    color: #fff;\n\t\t\t\t    font-weight: bolder;\n\t\t\t\t    text-align: center;\n\t\t\t\t    margin: 0px;\n\t\t\t\t}\n\n\t\t\t\t#fcp-bmi-intake-form .fcp-result-string {\n\t\t\t\t    background-color: #4f91cd;\n\t\t\t\t    padding: 1%;\n\t\t\t\t    color: #fff;\n\t\t\t\t    font-size: 20px;\n\t\t\t\t    text-align: center;\n\t\t\t\t    margin: 0px;\n\t\t\t\t}\n\t\t\t\t#fcp-bmi-intake-form .fcp-btn {\n\t\t\t\t    background-color: #4f91cd;\n\t\t\t\t    color: #fff;\n\t\t\t\t    text-transform: uppercase;\n\t\t\t\t    border-radius: 4px;\n\t\t\t\t    border: solid 2px #4f91cd;\n\t\t\t\t}\n\t\t\t\t<\/style><div id=\"fcp-bmi-intake-form\" class=\"container\">\n\t\t\t\t<h3>BMI-Rechner<\/h3>\n\t\t\t<div class=\"fcp-row\"><div class=\"form-container\"><div class=\"row\">\n\t\t\t\t\t\t<div class=\"col\">\n\t\t\t\t\t\t\t<label for=\"fcp-bmi-intake-radio-metric\">Metrisch\n\t\t\t\t  \t\t\t<input type=\"radio\" id=\"fcp-bmi-intake-radio-metric\"\n\t\t\t\t\t\t\t  class=\"form-control fcp-bmi-radio\" name=\"fcp-bmi-intake-radio\"\n\t\t\t\t\t\t\t  checked\n\t\t\t\t\t\t\t value=\"metric\">\n\t\t\t\t\t\t\t  <\/label>\n\t\t\t\t  \t\t\t<span class=\"fcp-error\">erfordern<\/span>\n\t\t\t\t\t\t<\/div><div class=\"col\">\n\t\t\t\t\t\t\t\t<label for=\"fcp-bmi-intake-radio-imperial\">Standard\n\t\t\t\t\t  \t\t\t <input type=\"radio\" id=\"fcp-bmi-intake-radio-imperial\"\n\t\t\t\t\t\t\t\t   class=\"form-control fcp-bmi-radio\" name=\"fcp-bmi-intake-radio\"\n\t\t\t\t\t\t\t\t   checked\n\t\t\t\t\t\t\t\t value=\"imperial\" >\n\t\t\t\t\t\t\t\t<\/label>\n\t\t\t\t\t  \t\t\t<span class=\"fcp-error\">erfordern<\/span>\n\t\t\t\t\t\t<\/div><\/div><div class=\"row\">\n\t\t\t  \t\t\t\t<div class=\"col\">\n\t\t\t  \t\t\t\t\t<label class=\"fcp-bmi-intake-height\" for=\"fcp-bmi-intake-height\">H\u00f6he<\/label>\n\t\t\t\t\t\t    \t<input  id=\"fcp-bmi-intake-height\" pattern=\"[0-9]\" type=\"text\"  class=\"left  form-control\" name=\"fcp-bmi-intake-height\" \/>\n\t\t\t\t\t\t    \t<span id=\"fcp-bmi-intake-height-error\" class=\"fcp-error\">erfordern<\/span>\n\t\t\t  \t\t\t\t<\/div>\n\t\t\t  \t\t\t\t<div class=\"col\">\n\t\t\t  \t\t\t\t\t<label for=\"fcp-bmi-intake-weight\">Gewicht<\/label>\n\t\t\t\t\t\t    \t<input id=\"fcp-bmi-intake-weight\"  pattern=\"[0-9]\" type=\"text\" class=\"left form-control\" name=\"fcp-bmi-intake-weight\" \/>\n\t\t\t\t\t\t    \t<span id=\"fcp-bmi-intake-weight-error\" class=\"fcp-error\">erfordern<\/span>\n\t\t\t  \t\t\t\t<\/div>\n\t\t\t  \t\t\t<\/div>\n\t\t\t  \t\t\t<tr style=\"text-align: center;\"><td colspan=\"2\"><button onclick=\"fcpCalculatebmiIntake()\" class=\"btn btn-default fcp-btn\">Berechnen Sie<\/button><\/div><\/div>\n\t\t\t  \t\t<p class=\"fcp-result-string\">  Ihr BMI ist<span class=\"fcp-bmi-calculated-result\">......<\/span><\/p>\n\t\t\t  \t\t<div id=\"bmiClassList\">\n\t\t\t                <table id=\"bmiResultTable\" class=\"hide_result w-100\">\n\t\t\t                 <tbody>\n\t\t\t\t\t\t\t <tr>\n\t\t\t                  <th>BMI<\/th><th>Klassifizierung<\/th>\n\t\t\t\t\t\t\t <\/tr> \n\t\t\t                 <tr>\n\t\t\t                  <td>weniger als 18,5:<\/td>\n\t\t\t\t\t\t\t  <td>Untergewicht<\/td>\n\t\t\t                 <\/tr>\n\t\t\t\t\t\t\t <tr>\n\t\t\t                 <tr class=\"bmiGreen\">\n\t\t\t                  <td>18.5 - 24.9:<\/td><td>Normales Gewicht<\/td>\n\t\t\t                 <\/tr>\n\t\t\t                 <tr>\n\t\t\t                  <td>25 - 29.9:<\/td><td>\u00dcbergewicht<\/td>\n\t\t\t                 <\/tr>\n\t\t\t\t\t\t\t <tr>\n\t\t\t                  <td>30 - 34.9:<\/td><td>Klasse I Fettleibig<\/td>\n\t\t\t                 <\/tr>\n\t\t\t                 <tr class=\"\">\n\t\t\t                  <td>35 - 39.9:<\/td><td>Klasse II Fettleibig<\/td>\n\t\t\t                 <\/tr>\n\t\t\t                 <tr>\n\t\t\t                  <td>40 aufw\u00e4rts:<\/td><td>Klasse III Fettleibig<\/td>\n\t\t\t                 <\/tr>\n\t\t\t                <\/tbody><\/table>\n\t\t\t        <\/div>\n\n\t\t\t  <\/div>\n\t\t<\/div>\n\n\n\n<h6 class=\"wp-block-heading\">beantworten Sie dann 7 Fragen, um Ihr individuelles Risiko zu bestimmen. <\/h6>\n\n\n\n<p>Haben Sie zum Beispiel einen Verwandten mit Diabetes oder wurde bei Ihnen schon einmal ein hoher Blutzuckerspiegel diagnostiziert? Am Ende des Tests sehen Sie Ihr Ergebnis und auch Tipps, wie Sie Ihr bestimmtes Risiko durch Ihr Verhalten verringern k\u00f6nnen.  .<em> <\/em>(<em>Dieser Test wird von der Deutschen Diabetes-Stiftung empfohlen<\/em>)<\/p>\n\n\n\n<p class=\"has-text-color has-small-font-size\" style=\"color:#4f91cd\"><strong>HINWEIS: Der Test ist nicht geeignet, wenn Sie bereits an Diabetes leiden (<em>Typ 1 oder Typ 2<\/em>) oder wenn Sie bereits typische Anzeichen von Diabetes bemerken. Dies sind zum Beispiel starker Durst, vermehrtes Wasserlassen, M\u00fcdigkeit, Appetitlosigkeit, Abgeschlagenheit oder ungerechtfertigter Gewichtsverlust. Wenn Letzteres der Fall ist, besprechen Sie diese Symptome bitte mit Ihrem Hausarzt. <\/strong><\/p>\n\n\n<div id=\"watu_quiz\" class=\"quiz-area\">\n<form action=\"\" method=\"post\" class=\"quiz-form\" id=\"quiz-2\" data-trp-original-action=\"\" >\n<div class='watu-question' id='question-1'><div class='question-content'><p>Wie alt sind Sie?<\/p>\n<\/div><input type='hidden' name='question_id[]' value='4' \/><div class='watu-questions-wrap'><input type='hidden' name='answer_ids[]' class='watu-answer-ids' value='27' \/><div class='watu-question-choice'><input type='radio' name='answer-4[]' id='answer-id-27' class='answer answer-1  answerof-4' value='27' \/>&nbsp;<label for='answer-id-27' id='answer-label-27' class='answer label-1'><span class='answer'>Unter 35 Jahre<\/span><\/label><\/div>\n<input type='hidden' name='answer_ids[]' class='watu-answer-ids' value='28' \/><div class='watu-question-choice'><input type='radio' name='answer-4[]' id='answer-id-28' class='answer answer-1  answerof-4' value='28' \/>&nbsp;<label for='answer-id-28' id='answer-label-28' class='answer label-1'><span class='answer'>35 bis 44 Jahre<\/span><\/label><\/div>\n<input type='hidden' name='answer_ids[]' class='watu-answer-ids' value='29' \/><div class='watu-question-choice'><input type='radio' name='answer-4[]' id='answer-id-29' class='answer answer-1  answerof-4' value='29' \/>&nbsp;<label for='answer-id-29' id='answer-label-29' class='answer label-1'><span class='answer'>45 bis 54 Jahre<\/span><\/label><\/div>\n<input type='hidden' name='answer_ids[]' class='watu-answer-ids' value='30' \/><div class='watu-question-choice'><input type='radio' name='answer-4[]' id='answer-id-30' class='answer answer-1  answerof-4' value='30' \/>&nbsp;<label for='answer-id-30' id='answer-label-30' class='answer label-1'><span class='answer'>55 bis 64 Jahre<\/span><\/label><\/div>\n<input type='hidden' name='answer_ids[]' class='watu-answer-ids' value='31' \/><div class='watu-question-choice'><input type='radio' name='answer-4[]' id='answer-id-31' class='answer answer-1  answerof-4' value='31' \/>&nbsp;<label for='answer-id-31' id='answer-label-31' class='answer label-1'><span class='answer'>\u00c4lter als 64 Jahre<\/span><\/label><\/div>\n<\/div><input type='hidden' id='questionType1' value='radio' class='required'><\/div><div class='watu-question' id='question-2'><div class='question-content'><p>Wurde in Ihrer Familie mindestens ein Mitglied mit Diabetes diagnostiziert?<\/p>\n<\/div><input type='hidden' name='question_id[]' value='5' \/><div class='watu-questions-wrap'><input type='hidden' name='answer_ids[]' class='watu-answer-ids' value='32' \/><div class='watu-question-choice'><input type='radio' name='answer-5[]' id='answer-id-32' class='answer answer-2  answerof-5' value='32' \/>&nbsp;<label for='answer-id-32' id='answer-label-32' class='answer label-2'><span class='answer'>Nein<\/span><\/label><\/div>\n<input type='hidden' name='answer_ids[]' class='watu-answer-ids' value='33' \/><div class='watu-question-choice'><input type='radio' name='answer-5[]' id='answer-id-33' class='answer answer-2  answerof-5' value='33' \/>&nbsp;<label for='answer-id-33' id='answer-label-33' class='answer label-2'><span class='answer'>Ja, bei entfernten Verwandten.<br \/>\n(<em>Mit biologischen Gro\u00dfeltern, Tanten, Onkeln, Cousins und Cousinen<\/em>)<\/span><\/label><\/div>\n<input type='hidden' name='answer_ids[]' class='watu-answer-ids' value='34' \/><div class='watu-question-choice'><input type='radio' name='answer-5[]' id='answer-id-34' class='answer answer-2  answerof-5' value='34' \/>&nbsp;<label for='answer-id-34' id='answer-label-34' class='answer label-2'><span class='answer'>Ja, bei nahen Verwandten.<br \/>\n(<em>Mit leiblichen Eltern, Kindern, Geschwistern<\/em>)<\/span><\/label><\/div>\n<\/div><input type='hidden' id='questionType2' value='radio' class='required'><\/div><div class='watu-question' id='question-3'><div class='question-content'><p>Welchen Taillenumfang messen Sie auf der H\u00f6he des Nabels?<\/p>\n<\/div><input type='hidden' name='question_id[]' value='6' \/><div class='watu-questions-wrap'><input type='hidden' name='answer_ids[]' class='watu-answer-ids' value='35' \/><div class='watu-question-choice'><input type='radio' name='answer-6[]' id='answer-id-35' class='answer answer-3  answerof-6' value='35' \/>&nbsp;<label for='answer-id-35' id='answer-label-35' class='answer label-3'><span class='answer'>Unterhalb von 80 cm (<em>Frauen<\/em>), unter 84 cm (<em>Mann<\/em>)<\/span><\/label><\/div>\n<input type='hidden' name='answer_ids[]' class='watu-answer-ids' value='36' \/><div class='watu-question-choice'><input type='radio' name='answer-6[]' id='answer-id-36' class='answer answer-3  answerof-6' value='36' \/>&nbsp;<label for='answer-id-36' id='answer-label-36' class='answer label-3'><span class='answer'>80 - 88 cm (<em>Frauen<\/em>), unter 94 - 102 cm (<em>Mann<\/em>)<\/span><\/label><\/div>\n<input type='hidden' name='answer_ids[]' class='watu-answer-ids' value='37' \/><div class='watu-question-choice'><input type='radio' name='answer-6[]' id='answer-id-37' class='answer answer-3  answerof-6' value='37' \/>&nbsp;<label for='answer-id-37' id='answer-label-37' class='answer label-3'><span class='answer'>\u00dcber 88 cm (<em>Frauen<\/em>), unter 102 cm (<em>Mann<\/em>)<\/span><\/label><\/div>\n<\/div><input type='hidden' id='questionType3' value='radio' class='required'><\/div><div class='watu-question' id='question-4'><div class='question-content'><p>Bewegen Sie sich jeden Tag mindestens 30 Minuten lang k\u00f6rperlich?<\/p>\n<\/div><input type='hidden' name='question_id[]' value='7' \/><div class='watu-questions-wrap'><input type='hidden' name='answer_ids[]' class='watu-answer-ids' value='38' \/><div class='watu-question-choice'><input type='radio' name='answer-7[]' id='answer-id-38' class='answer answer-4  answerof-7' value='38' \/>&nbsp;<label for='answer-id-38' id='answer-label-38' class='answer label-4'><span class='answer'>Ja<\/span><\/label><\/div>\n<input type='hidden' name='answer_ids[]' class='watu-answer-ids' value='39' \/><div class='watu-question-choice'><input type='radio' name='answer-7[]' id='answer-id-39' class='answer answer-4  answerof-7' value='39' \/>&nbsp;<label for='answer-id-39' id='answer-label-39' class='answer label-4'><span class='answer'>Nein<\/span><\/label><\/div>\n<\/div><input type='hidden' id='questionType4' value='radio' class='required'><\/div><div class='watu-question' id='question-5'><div class='question-content'><p>Wie oft essen Sie Obst, Gem\u00fcse oder dunkles Brot (<em>Roggen- oder Vollkornbrot<\/em>)?<\/p>\n<\/div><input type='hidden' name='question_id[]' value='8' \/><div class='watu-questions-wrap'><input type='hidden' name='answer_ids[]' class='watu-answer-ids' value='20' \/><div class='watu-question-choice'><input type='radio' name='answer-8[]' id='answer-id-20' class='answer answer-5  answerof-8' value='20' \/>&nbsp;<label for='answer-id-20' id='answer-label-20' class='answer label-5'><span class='answer'>Jeden Tag<\/span><\/label><\/div>\n<input type='hidden' name='answer_ids[]' class='watu-answer-ids' value='21' \/><div class='watu-question-choice'><input type='radio' name='answer-8[]' id='answer-id-21' class='answer answer-5  answerof-8' value='21' \/>&nbsp;<label for='answer-id-21' id='answer-label-21' class='answer label-5'><span class='answer'>Nicht jeden Tag<\/span><\/label><\/div>\n<\/div><input type='hidden' id='questionType5' value='radio' class='required'><\/div><div class='watu-question' id='question-6'><div class='question-content'><p>Wurden Ihnen jemals Medikamente gegen hohen Blutdruck verschrieben?<\/p>\n<\/div><input type='hidden' name='question_id[]' value='9' \/><div class='watu-questions-wrap'><input type='hidden' name='answer_ids[]' class='watu-answer-ids' value='22' \/><div class='watu-question-choice'><input type='radio' name='answer-9[]' id='answer-id-22' class='answer answer-6  answerof-9' value='22' \/>&nbsp;<label for='answer-id-22' id='answer-label-22' class='answer label-6'><span class='answer'>Nein<\/span><\/label><\/div>\n<input type='hidden' name='answer_ids[]' class='watu-answer-ids' value='23' \/><div class='watu-question-choice'><input type='radio' name='answer-9[]' id='answer-id-23' class='answer answer-6  answerof-9' value='23' \/>&nbsp;<label for='answer-id-23' id='answer-label-23' class='answer label-6'><span class='answer'>Ja<\/span><\/label><\/div>\n<\/div><input type='hidden' id='questionType6' value='radio' class='required'><\/div><div class='watu-question' id='question-7'><div class='question-content'><p>Wie ist Ihr Verh\u00e4ltnis von K\u00f6rpergr\u00f6\u00dfe zu K\u00f6rpergewicht (<em>Body-Mass-Index<\/em>)?<\/p>\n<\/div><input type='hidden' name='question_id[]' value='10' \/><div class='watu-questions-wrap'><input type='hidden' name='answer_ids[]' class='watu-answer-ids' value='24' \/><div class='watu-question-choice'><input type='radio' name='answer-10[]' id='answer-id-24' class='answer answer-7  answerof-10' value='24' \/>&nbsp;<label for='answer-id-24' id='answer-label-24' class='answer label-7'><span class='answer'>Unter 25<\/span><\/label><\/div>\n<input type='hidden' name='answer_ids[]' class='watu-answer-ids' value='25' \/><div class='watu-question-choice'><input type='radio' name='answer-10[]' id='answer-id-25' class='answer answer-7  answerof-10' value='25' \/>&nbsp;<label for='answer-id-25' id='answer-label-25' class='answer label-7'><span class='answer'>25 bis 30<\/span><\/label><\/div>\n<input type='hidden' name='answer_ids[]' class='watu-answer-ids' value='26' \/><div class='watu-question-choice'><input type='radio' name='answer-10[]' id='answer-id-26' class='answer answer-7  answerof-10' value='26' \/>&nbsp;<label for='answer-id-26' id='answer-label-26' class='answer label-7'><span class='answer'>Mehr als 30<\/span><\/label><\/div>\n<\/div><input type='hidden' id='questionType7' value='radio' class='required'><\/div><div style='display:none' id='question-8'><br \/><div class='question-content'><img loading=\"lazy\" decoding=\"async\" src=\"https:\/\/www.lazarus-union.international\/diabetes\/wp-content\/plugins\/watu\/loading.gif\" width=\"16\" height=\"16\" alt=\"Loading ...\" title=\"Laden ...\" \/>&nbsp;Laden ...<\/div><\/div><br \/>\n\t<p>Frage <span id='numQ'>1<\/span> von 7<\/p>\n\t\t<input type=\"button\" id=\"next-question\" value=\"N\u00e4chste &gt;\"  \/>\n<input type=\"button\" name=\"action\" onclick=\"Watu.submitResult()\" id=\"action-button\" value=\"BERECHNEN\"  class=\"watu-submit-button\" \/>\n<input type=\"hidden\" name=\"no_ajax\" value=\"0\"><input type=\"hidden\" name=\"quiz_id\" value=\"2\" \/>\n<input type=\"hidden\" id=\"watuStartTime\" name=\"start_time\" value=\"2026-05-03 14:33:46\" \/>\n\t\t\n\t\t<input class=\"watu-beehive\" type=\"text\" value=\"_b7665afc013765c0f028511e68f781ca\" id=\"watuAppSourceID2\">\n\t\t<input class=\"watu-beehive\" name=\"h_app_id\" type=\"text\" value=\"_0.62784700 1777811626\" id=\"watuAppID2\">\n<input type=\"hidden\" name=\"trp-form-language\" value=\"de\"\/><\/form>\n<\/div>\n<div id=\"watu-loading-result\" style=\"display:none;\">\n\t<p align=\"center\"><img loading=\"lazy\" decoding=\"async\" src=\"https:\/\/www.lazarus-union.international\/diabetes\/wp-content\/plugins\/watu\/loading.gif\" width=\"16\" height=\"16\" alt=\"Loading\" title=\"Laden\" \/><\/p>\n<\/div>\t\n<script type=\"text\/javascript\">\nvar exam_id=0;\nvar question_ids='';\nvar watuURL='';\njQuery(function($){\nquestion_ids = \"4,5,6,7,8,9,10\";\nexam_id = 2;\nWatu.exam_id = exam_id;\nWatu.qArr = question_ids.split(',');\nWatu.post_id = 24;\nWatu.singlePage = '0';\nWatu.hAppID = \"0.62785700 1777811626\";\nwatuURL = \"https:\/\/www.lazarus-union.international\/diabetes\/wp-admin\/admin-ajax.php\";\nWatu.noAlertUnanswered = 0;\n});\n<\/script>","protected":false},"excerpt":{"rendered":"<p>Dieser Test ermittelt Ihr Diabetes-Risiko schnell und zuverl\u00e4ssig: (Es werden keine pers\u00f6nlichen Daten wie IP-Adresse oder die eingegebenen Werte gespeichert!) Berechnen Sie Ihren Body Mass Index (BMI) und notieren Sie ihn, dann beantworten Sie 7 Fragen, um Ihr individuelles Risiko zu ermitteln. Haben Sie zum Beispiel einen Verwandten mit Diabetes oder waren Sie schon einmal ... <\/p>\n<p class=\"link-more\"><a href=\"https:\/\/www.lazarus-union.international\/diabetes\/de\/what-is-your-risk\/\" class=\"more-link\"><span class=\"screen-reader-text\">\"WIE HOCH IST IHR RISIKO?\"<\/span> weiterlesen<\/a><\/p>","protected":false},"author":2,"featured_media":148,"parent":0,"menu_order":0,"comment_status":"closed","ping_status":"closed","template":"","meta":{"footnotes":""},"class_list":["post-24","page","type-page","status-publish","has-post-thumbnail","hentry"],"_links":{"self":[{"href":"https:\/\/www.lazarus-union.international\/diabetes\/de\/wp-json\/wp\/v2\/pages\/24","targetHints":{"allow":["GET"]}}],"collection":[{"href":"https:\/\/www.lazarus-union.international\/diabetes\/de\/wp-json\/wp\/v2\/pages"}],"about":[{"href":"https:\/\/www.lazarus-union.international\/diabetes\/de\/wp-json\/wp\/v2\/types\/page"}],"author":[{"embeddable":true,"href":"https:\/\/www.lazarus-union.international\/diabetes\/de\/wp-json\/wp\/v2\/users\/2"}],"replies":[{"embeddable":true,"href":"https:\/\/www.lazarus-union.international\/diabetes\/de\/wp-json\/wp\/v2\/comments?post=24"}],"version-history":[{"count":9,"href":"https:\/\/www.lazarus-union.international\/diabetes\/de\/wp-json\/wp\/v2\/pages\/24\/revisions"}],"predecessor-version":[{"id":153,"href":"https:\/\/www.lazarus-union.international\/diabetes\/de\/wp-json\/wp\/v2\/pages\/24\/revisions\/153"}],"wp:featuredmedia":[{"embeddable":true,"href":"https:\/\/www.lazarus-union.international\/diabetes\/de\/wp-json\/wp\/v2\/media\/148"}],"wp:attachment":[{"href":"https:\/\/www.lazarus-union.international\/diabetes\/de\/wp-json\/wp\/v2\/media?parent=24"}],"curies":[{"name":"wp","href":"https:\/\/api.w.org\/{rel}","templated":true}]}}