{"id":68,"date":"2023-07-31T14:05:50","date_gmt":"2023-07-31T12:05:50","guid":{"rendered":"https:\/\/www.lazarus-union.international\/diabetes\/?page_id=68"},"modified":"2023-07-31T18:23:08","modified_gmt":"2023-07-31T16:23:08","slug":"world-diabetes-day","status":"publish","type":"page","link":"https:\/\/www.lazarus-union.international\/diabetes\/de\/","title":{"rendered":""},"content":{"rendered":"<p>Der Weltdiabetestag wird jedes Jahr am 14. November begangen. Er wurde 1991 von der International Diabetes Federation (IDF) und der Weltgesundheitsorganisation (WHO) als Reaktion auf die zunehmende Gesundheitsbedrohung durch Diabetes weltweit eingef\u00fchrt.<\/p>\n\n\n\n<p>Das Hauptziel des Weltdiabetestages ist es, das Bewusstsein f\u00fcr Diabetes, seine Risikofaktoren, seine Pr\u00e4vention und die Bedeutung einer fr\u00fchzeitigen Diagnose und eines angemessenen Managements zu sch\u00e4rfen. Diabetes ist eine chronische Erkrankung, die durch einen erh\u00f6hten Blutzuckerspiegel gekennzeichnet ist, der zu verschiedenen Komplikationen f\u00fchren kann, wenn er nicht verantwortungsvoll behandelt wird. Es gibt zwei Haupttypen von Diabetes: Typ-1-Diabetes, der in der Regel in der Kindheit diagnostiziert wird, und Typ-2-Diabetes, der h\u00e4ufiger bei Erwachsenen auftritt und oft mit Lebensstilfaktoren wie \u00dcbergewicht und Bewegungsmangel in Verbindung gebracht wird.<\/p>\n\n\n\n<p>Am Weltdiabetestag werden weltweit verschiedene Veranstaltungen, Kampagnen und Aktivit\u00e4ten organisiert, um das Verst\u00e4ndnis f\u00fcr Diabetes in der \u00d6ffentlichkeit zu erh\u00f6hen und f\u00fcr eine bessere Versorgung und den Zugang zu Behandlungen f\u00fcr die Betroffenen zu werben. Regierungen, Gesundheitsorganisationen und Diabetesverb\u00e4nde nutzen diesen Tag als Gelegenheit, um f\u00fcr die Aufkl\u00e4rung \u00fcber Diabetes, eine gesunde Lebensweise und die Bek\u00e4mpfung der Krankheit zu werben.<\/p>\n\n\n\n<p>Das Symbol f\u00fcr den Weltdiabetestag ist ein blauer Kreis, der f\u00fcr Einigkeit und den weltweiten Kampf gegen Diabetes steht. Wahrzeichen und Geb\u00e4ude auf der ganzen Welt werden oft blau beleuchtet, um die Unterst\u00fctzung f\u00fcr die Kampagne zu zeigen.<\/p>\n\n\n\n<p>Der Weltdiabetestag ist eine wichtige Plattform, um Einzelpersonen, Angeh\u00f6rige der Gesundheitsberufe und politische Entscheidungstr\u00e4ger in ihren Bem\u00fchungen zusammenzubringen, die Auswirkungen von Diabetes und den damit verbundenen Komplikationen auf die Weltbev\u00f6lkerung zu verringern.<\/p>","protected":false},"excerpt":{"rendered":"<p>Der Weltdiabetestag wird jedes Jahr am 14. November begangen. Er wurde 1991 von der International Diabetes Federation (IDF) und der Weltgesundheitsorganisation (WHO) als Reaktion auf die zunehmende Gesundheitsbedrohung durch Diabetes weltweit eingef\u00fchrt. Das Hauptziel des Weltdiabetestages ist es, das Bewusstsein f\u00fcr Diabetes, seine ... <\/p>\n<p class=\"link-more\"><a href=\"https:\/\/www.lazarus-union.international\/diabetes\/de\/\" class=\"more-link\"><span class=\"screen-reader-text\">\"\"<\/span> weiterlesen<\/a><\/p>","protected":false},"author":2,"featured_media":0,"parent":0,"menu_order":0,"comment_status":"closed","ping_status":"closed","template":"","meta":{"footnotes":""},"class_list":["post-68","page","type-page","status-publish","hentry"],"_links":{"self":[{"href":"https:\/\/www.lazarus-union.international\/diabetes\/de\/wp-json\/wp\/v2\/pages\/68","targetHints":{"allow":["GET"]}}],"collection":[{"href":"https:\/\/www.lazarus-union.international\/diabetes\/de\/wp-json\/wp\/v2\/pages"}],"about":[{"href":"https:\/\/www.lazarus-union.international\/diabetes\/de\/wp-json\/wp\/v2\/types\/page"}],"author":[{"embeddable":true,"href":"https:\/\/www.lazarus-union.international\/diabetes\/de\/wp-json\/wp\/v2\/users\/2"}],"replies":[{"embeddable":true,"href":"https:\/\/www.lazarus-union.international\/diabetes\/de\/wp-json\/wp\/v2\/comments?post=68"}],"version-history":[{"count":3,"href":"https:\/\/www.lazarus-union.international\/diabetes\/de\/wp-json\/wp\/v2\/pages\/68\/revisions"}],"predecessor-version":[{"id":118,"href":"https:\/\/www.lazarus-union.international\/diabetes\/de\/wp-json\/wp\/v2\/pages\/68\/revisions\/118"}],"wp:attachment":[{"href":"https:\/\/www.lazarus-union.international\/diabetes\/de\/wp-json\/wp\/v2\/media?parent=68"}],"curies":[{"name":"wp","href":"https:\/\/api.w.org\/{rel}","templated":true}]}}