{"id":121,"date":"2023-08-04T21:54:18","date_gmt":"2023-08-04T19:54:18","guid":{"rendered":"https:\/\/www.lazarus-union.international\/diabetes\/?page_id=121"},"modified":"2024-07-20T16:07:07","modified_gmt":"2024-07-20T14:07:07","slug":"hypoglykamie","status":"publish","type":"page","link":"https:\/\/www.lazarus-union.international\/diabetes\/es\/hypoglykamie\/","title":{"rendered":"Hipoglucemia"},"content":{"rendered":"<p><strong><em>La hipoglucemia es un estado en el que el nivel de glucosa en sangre es demasiado bajo, es decir, est\u00e1 por debajo de lo normal. Normalmente, el nivel de glucosa en sangre se sit\u00faa en torno a 70-110 mg\/dL (miligramos por decilitro) o 3,9-6,1 mmol\/L (milimoles por litro). La hipoglucemia se produce cuando el nivel de glucosa en sangre desciende por debajo de 70 mg\/dL (3,9 mmol\/L). Esta afecci\u00f3n es especialmente relevante para las personas diab\u00e9ticas, pero tambi\u00e9n puede darse en no diab\u00e9ticos.<\/em><\/strong><\/p>\n\n\n\n<h4 class=\"wp-block-heading\">Causas de la hipoglucemia:<\/h4>\n\n\n\n<p><strong>Diabetes<\/strong>En las personas diab\u00e9ticas, un exceso de insulina u otros medicamentos hipoglucemiantes puede hacer que los niveles de az\u00facar en sangre bajen demasiado.<\/p>\n\n\n\n<p><strong>Retraso u omisi\u00f3n de comidas<\/strong>: Si se retrasa o se salta una comida, los niveles de glucosa en sangre pueden descender porque el organismo no obtiene suficiente glucosa de los alimentos.<\/p>\n\n\n\n<p><strong>Actividad f\u00edsica excesiva<\/strong>Actividad f\u00edsica intensa: la actividad f\u00edsica intensa puede reducir los niveles de glucosa en sangre, sobre todo si no se ingieren suficientes hidratos de carbono.<\/p>\n\n\n\n<p><strong>Consumo de alcohol<\/strong>: El alcohol puede impedir que el h\u00edgado libere glucosa, lo que puede provocar una hipoglucemia.<\/p>\n\n\n\n<h4 class=\"wp-block-heading\">S\u00edntomas de hipoglucemia:<\/h4>\n\n\n\n<p>Los s\u00edntomas pueden variar de leves a graves y pueden incluir:<\/p>\n\n\n\n<ul class=\"wp-block-list\">\n<li>Temblores o espasmos<\/li>\n\n\n\n<li>Sudando<\/li>\n\n\n\n<li>Palpitaciones o aumento del pulso<\/li>\n\n\n\n<li>Ansiedad o nerviosismo<\/li>\n\n\n\n<li>Irritabilidad o inquietud<\/li>\n\n\n\n<li>mareos o aturdimiento<\/li>\n\n\n\n<li>confusi\u00f3n o dificultad para concentrarse<\/li>\n\n\n\n<li>piel p\u00e1lida<\/li>\n\n\n\n<li>cansancio o debilidad<\/li>\n\n\n\n<li>dolor de cabeza<\/li>\n\n\n\n<li>Hambre<\/li>\n<\/ul>\n\n\n\n<h4 class=\"wp-block-heading\">Peligros de la hipoglucemia:<\/h4>\n\n\n\n<p>La hipoglucemia no tratada puede ser peligrosa y dar lugar a complicaciones graves, entre ellas:<\/p>\n\n\n\n<p><strong>P\u00e9rdida de conocimiento<\/strong>Si los niveles de glucosa en sangre bajan demasiado, puede producirse una p\u00e9rdida de consciencia potencialmente mortal.<\/p>\n\n\n\n<p><strong>Actividad convulsiva<\/strong>: La hipoglucemia grave puede provocar convulsiones.<\/p>\n\n\n\n<p><strong>Da\u00f1o cerebral<\/strong>: Si el cerebro no recibe suficiente glucosa, pueden producirse da\u00f1os cerebrales.<\/p>\n\n\n\n<p><strong>Accidentes<\/strong>: La hipoglucemia puede causar confusi\u00f3n y deterioro de la funci\u00f3n cognitiva, aumentando el riesgo de accidentes.<\/p>\n\n\n\n<p><strong>Complicaciones a largo plazo<\/strong>: Los episodios repetidos de hipoglucemia pueden hacer que las personas diab\u00e9ticas sean menos conscientes de la hipoglucemia, lo que aumenta el riesgo de hipoglucemias graves posteriores.<\/p>\n\n\n\n<p>Es importante reconocer la hipoglucemia a tiempo y tratarla adecuadamente consumiendo hidratos de carbono o inyectando glucag\u00f3n (una hormona que aumenta los niveles de glucosa en sangre) si es necesario. Los diab\u00e9ticos deben colaborar estrechamente con su m\u00e9dico para controlar sus niveles de glucosa en sangre y prevenir la hipoglucemia.<\/p>\n\n\n\n<p>Si la hipoglucemia se produce con frecuencia o es grave, es importante informar al m\u00e9dico que le atiende para que ajuste el tratamiento de la diabetes en consecuencia.<\/p>","protected":false},"excerpt":{"rendered":"<p>La hipoglucemia es un estado en el que el nivel de glucosa en sangre es demasiado bajo, es decir, est\u00e1 por debajo de lo normal. Normalmente, el nivel de glucosa en sangre se sit\u00faa en torno a 70-110 mg\/dL (miligramos por decilitro) o 3,9-6,1 mmol\/L (milimoles por litro). La hipoglucemia se produce cuando el nivel de glucosa en sangre desciende por debajo de 70 mg\/dL (3,9 mmol\/L). Esta ... <\/p>\n<p class=\"link-more\"><a href=\"https:\/\/www.lazarus-union.international\/diabetes\/es\/hypoglykamie\/\" class=\"more-link\">Seguir leyendo<span class=\"screen-reader-text\"> \"Hipoglucemia\"<\/span><\/a><\/p>","protected":false},"author":2,"featured_media":145,"parent":0,"menu_order":0,"comment_status":"closed","ping_status":"closed","template":"","meta":{"footnotes":""},"class_list":["post-121","page","type-page","status-publish","has-post-thumbnail","hentry"],"_links":{"self":[{"href":"https:\/\/www.lazarus-union.international\/diabetes\/es\/wp-json\/wp\/v2\/pages\/121","targetHints":{"allow":["GET"]}}],"collection":[{"href":"https:\/\/www.lazarus-union.international\/diabetes\/es\/wp-json\/wp\/v2\/pages"}],"about":[{"href":"https:\/\/www.lazarus-union.international\/diabetes\/es\/wp-json\/wp\/v2\/types\/page"}],"author":[{"embeddable":true,"href":"https:\/\/www.lazarus-union.international\/diabetes\/es\/wp-json\/wp\/v2\/users\/2"}],"replies":[{"embeddable":true,"href":"https:\/\/www.lazarus-union.international\/diabetes\/es\/wp-json\/wp\/v2\/comments?post=121"}],"version-history":[{"count":8,"href":"https:\/\/www.lazarus-union.international\/diabetes\/es\/wp-json\/wp\/v2\/pages\/121\/revisions"}],"predecessor-version":[{"id":150,"href":"https:\/\/www.lazarus-union.international\/diabetes\/es\/wp-json\/wp\/v2\/pages\/121\/revisions\/150"}],"wp:featuredmedia":[{"embeddable":true,"href":"https:\/\/www.lazarus-union.international\/diabetes\/es\/wp-json\/wp\/v2\/media\/145"}],"wp:attachment":[{"href":"https:\/\/www.lazarus-union.international\/diabetes\/es\/wp-json\/wp\/v2\/media?parent=121"}],"curies":[{"name":"wp","href":"https:\/\/api.w.org\/{rel}","templated":true}]}}