{"id":14,"date":"2023-07-31T09:56:45","date_gmt":"2023-07-31T07:56:45","guid":{"rendered":"https:\/\/www.lazarus-union.international\/diabetes\/?page_id=14"},"modified":"2024-07-20T16:05:10","modified_gmt":"2024-07-20T14:05:10","slug":"risk-factors-for-type-2-diabetes","status":"publish","type":"page","link":"https:\/\/www.lazarus-union.international\/diabetes\/es\/risk-factors-for-type-2-diabetes\/","title":{"rendered":"FACTORES DE RIESGO DE LA DIABETES TIPO 2"},"content":{"rendered":"<div style=\"height:10px\" aria-hidden=\"true\" class=\"wp-block-spacer\"><\/div>\n\n\n\n<h4 class=\"wp-block-heading has-text-color\" style=\"color:#4f91cd\">Factores inmutables que influyen en el riesgo de diabetes de tipo 2:<\/h4>\n\n\n<style>#sp-ea-16 .spcollapsing { height: 0; overflow: hidden; transition-property: height;transition-duration: 300ms;}#sp-ea-16.sp-easy-accordion>.sp-ea-single {margin-bottom: 10px; border: 1px solid #e2e2e2; }#sp-ea-16.sp-easy-accordion>.sp-ea-single>.ea-header a {color: #444;}#sp-ea-16.sp-easy-accordion>.sp-ea-single>.sp-collapse>.ea-body {background: #fff; color: #444;}#sp-ea-16.sp-easy-accordion>.sp-ea-single {background: #eee;}#sp-ea-16.sp-easy-accordion>.sp-ea-single>.ea-header a .ea-expand-icon { float: left; color: #444;font-size: 16px;}<\/style><div id=\"sp_easy_accordion-1690789973\"><div id=\"sp-ea-16\" class=\"sp-ea-one sp-easy-accordion\" data-ex-icon=\"minus\" data-col-icon=\"plus\"  data-ea-active=\"ea-click\"  data-ea-mode=\"vertical\" data-preloader=\"\" data-scroll-active-item=\"\" data-offset-to-scroll=\"0\"><div class=\"ea-card ea-expand sp-ea-single\"><h3 class=\"ea-header\"><a class=\"collapsed\" id=\"ea-header-160\" data-sptoggle=\"spcollapse\" data-sptarget=\"#collapse160\" aria-controls=\"collapse160\" href=\"javascript:void(0)\"  aria-expanded=\"true\" tabindex=\"0\"><i class=\"ea-expand-icon ea-icon-expand-minus\"><\/i> EDAD<\/a><\/h3><div class=\"sp-collapse spcollapse collapsed show\" id=\"collapse160\" data-parent=\"#sp-ea-16\" role=\"region\" aria-labelledby=\"ea-header-160\"><div class=\"ea-body\"><ul>\n<li>El riesgo de diabetes aumenta con la edad.<\/li>\n<li>La diabetes de tipo 2 es muy poco frecuente en personas menores de 40 a\u00f1os.<\/li>\n<\/ul>\n<\/div><\/div><\/div><div class=\"ea-card  sp-ea-single\"><h3 class=\"ea-header\"><a class=\"collapsed\" id=\"ea-header-161\" data-sptoggle=\"spcollapse\" data-sptarget=\"#collapse161\" aria-controls=\"collapse161\" href=\"javascript:void(0)\"  aria-expanded=\"false\" tabindex=\"0\"><i class=\"ea-expand-icon ea-icon-expand-plus\"><\/i> UN TRASTORNO PREVIO DEL AZ\u00daCAR EN SANGRE<\/a><\/h3><div class=\"sp-collapse spcollapse\" id=\"collapse161\" data-parent=\"#sp-ea-16\" role=\"region\" aria-labelledby=\"ea-header-161\"><div class=\"ea-body\"><ul>\n<li>Las personas que han tenido niveles elevados de az\u00facar en sangre en alguna ocasi\u00f3n pueden tener un mayor riesgo de padecer diabetes de tipo 2.<\/li>\n<li>Lo mismo ocurre con las mujeres que ten\u00edan niveles elevados de glucosa en sangre (<em>diabetes gestacional o de la gestaci\u00f3n<\/em>) durante el embarazo.<\/li>\n<\/ul>\n<\/div><\/div><\/div><div class=\"ea-card  sp-ea-single\"><h3 class=\"ea-header\"><a class=\"collapsed\" id=\"ea-header-162\" data-sptoggle=\"spcollapse\" data-sptarget=\"#collapse162\" aria-controls=\"collapse162\" href=\"javascript:void(0)\"  aria-expanded=\"false\" tabindex=\"0\"><i class=\"ea-expand-icon ea-icon-expand-plus\"><\/i> TAMA\u00d1O DEL CUERPO<\/a><\/h3><div class=\"sp-collapse spcollapse\" id=\"collapse162\" data-parent=\"#sp-ea-16\" role=\"region\" aria-labelledby=\"ea-header-162\"><div class=\"ea-body\"><ul>\n<li>El tama\u00f1o corporal influye en el riesgo de diabetes porque tambi\u00e9n influye la distribuci\u00f3n de la grasa alrededor del abdomen.<\/li>\n<\/ul>\n<\/div><\/div><\/div><div class=\"ea-card  sp-ea-single\"><h3 class=\"ea-header\"><a class=\"collapsed\" id=\"ea-header-163\" data-sptoggle=\"spcollapse\" data-sptarget=\"#collapse163\" aria-controls=\"collapse163\" href=\"javascript:void(0)\"  aria-expanded=\"false\" tabindex=\"0\"><i class=\"ea-expand-icon ea-icon-expand-plus\"><\/i> DIABETES EN LA FAMILIA<\/a><\/h3><div class=\"sp-collapse spcollapse\" id=\"collapse163\" data-parent=\"#sp-ea-16\" role=\"region\" aria-labelledby=\"ea-header-163\"><div class=\"ea-body\"><ul>\n<li>El riesgo aumenta si los familiares biol\u00f3gicos tienen o han tenido diabetes de tipo 2. Este aumento del riesgo se basa probablemente en una interacci\u00f3n de factores gen\u00e9ticos y del estilo de vida familiar.<\/li>\n<\/ul>\n<\/div><\/div><\/div><\/div><\/div>\n\n\n\n<div style=\"height:10px\" aria-hidden=\"true\" class=\"wp-block-spacer\"><\/div>\n\n\n\n<h4 class=\"wp-block-heading has-text-color\" style=\"color:#4f91cd\">Factores modificables que influyen en el riesgo de diabetes tipo 2:<\/h4>\n\n\n<style>#sp-ea-20 .spcollapsing { height: 0; overflow: hidden; transition-property: height;transition-duration: 300ms;}#sp-ea-20.sp-easy-accordion>.sp-ea-single {margin-bottom: 10px; border: 1px solid #e2e2e2; }#sp-ea-20.sp-easy-accordion>.sp-ea-single>.ea-header a {color: #444;}#sp-ea-20.sp-easy-accordion>.sp-ea-single>.sp-collapse>.ea-body {background: #fff; color: #444;}#sp-ea-20.sp-easy-accordion>.sp-ea-single {background: #eee;}#sp-ea-20.sp-easy-accordion>.sp-ea-single>.ea-header a .ea-expand-icon { float: left; color: #444;font-size: 16px;}<\/style><div id=\"sp_easy_accordion-1690790367\"><div id=\"sp-ea-20\" class=\"sp-ea-one sp-easy-accordion\" data-ex-icon=\"minus\" data-col-icon=\"plus\"  data-ea-active=\"ea-click\"  data-ea-mode=\"vertical\" data-preloader=\"\" data-scroll-active-item=\"\" data-offset-to-scroll=\"0\"><div class=\"ea-card  sp-ea-single\"><h3 class=\"ea-header\"><a class=\"collapsed\" id=\"ea-header-200\" data-sptoggle=\"spcollapse\" data-sptarget=\"#collapse200\" aria-controls=\"collapse200\" href=\"javascript:void(0)\"  aria-expanded=\"false\" tabindex=\"0\"><i class=\"ea-expand-icon ea-icon-expand-plus\"><\/i>  ACTIVIDAD F\u00cdSICA<\/a><\/h3><div class=\"sp-collapse spcollapse spcollapse\" id=\"collapse200\" data-parent=\"#sp-ea-20\" role=\"region\" aria-labelledby=\"ea-header-200\"><div class=\"ea-body\"><ul>\n<li>La actividad f\u00edsica ayuda a mantener el peso corporal y, al mismo tiempo, mejora la acci\u00f3n de la insulina. Esto ayuda a regular los niveles de glucosa en sangre. Adem\u00e1s del ejercicio, otras actividades como montar en bicicleta, trabajar en el jard\u00edn o caminar tambi\u00e9n contribuyen a reducir el riesgo de diabetes de tipo 2.<\/li>\n<\/ul>\n<\/div><\/div><\/div><div class=\"ea-card  sp-ea-single\"><h3 class=\"ea-header\"><a class=\"collapsed\" id=\"ea-header-201\" data-sptoggle=\"spcollapse\" data-sptarget=\"#collapse201\" aria-controls=\"collapse201\" href=\"javascript:void(0)\"  aria-expanded=\"false\" tabindex=\"0\"><i class=\"ea-expand-icon ea-icon-expand-plus\"><\/i> SOBREPESO (per\u00edmetro de cintura)<\/a><\/h3><div class=\"sp-collapse spcollapse spcollapse\" id=\"collapse201\" data-parent=\"#sp-ea-20\" role=\"region\" aria-labelledby=\"ea-header-201\"><div class=\"ea-body\"><ul>\n<li>Si tiene mucha grasa acumulada en el abdomen (cintura), su riesgo de desarrollar diabetes de tipo 2 aumenta. Los estudios han demostrado que perder peso puede reducir significativamente el riesgo de desarrollar diabetes de tipo 2.<\/li>\n<\/ul>\n<\/div><\/div><\/div><div class=\"ea-card  sp-ea-single\"><h3 class=\"ea-header\"><a class=\"collapsed\" id=\"ea-header-202\" data-sptoggle=\"spcollapse\" data-sptarget=\"#collapse202\" aria-controls=\"collapse202\" href=\"javascript:void(0)\"  aria-expanded=\"false\" tabindex=\"0\"><i class=\"ea-expand-icon ea-icon-expand-plus\"><\/i> PAN INTEGRAL<\/a><\/h3><div class=\"sp-collapse spcollapse spcollapse\" id=\"collapse202\" data-parent=\"#sp-ea-20\" role=\"region\" aria-labelledby=\"ea-header-202\"><div class=\"ea-body\"><ul>\n<li>Muchos estudios sugieren que comer pan integral y productos integrales reduce el riesgo de diabetes de tipo 2.<\/li>\n<\/ul>\n<\/div><\/div><\/div><div class=\"ea-card  sp-ea-single\"><h3 class=\"ea-header\"><a class=\"collapsed\" id=\"ea-header-203\" data-sptoggle=\"spcollapse\" data-sptarget=\"#collapse203\" aria-controls=\"collapse203\" href=\"javascript:void(0)\"  aria-expanded=\"false\" tabindex=\"0\"><i class=\"ea-expand-icon ea-icon-expand-plus\"><\/i> CARNE<\/a><\/h3><div class=\"sp-collapse spcollapse spcollapse\" id=\"collapse203\" data-parent=\"#sp-ea-20\" role=\"region\" aria-labelledby=\"ea-header-203\"><div class=\"ea-body\"><ul>\n<li>Comer carne de vacuno, cerdo, ternera o cordero aumenta el riesgo de desarrollar diabetes de tipo 2. Cuanta m\u00e1s carne se coma, mayor ser\u00e1 el riesgo.<\/li>\n<\/ul>\n<\/div><\/div><\/div><div class=\"ea-card  sp-ea-single\"><h3 class=\"ea-header\"><a class=\"collapsed\" id=\"ea-header-204\" data-sptoggle=\"spcollapse\" data-sptarget=\"#collapse204\" aria-controls=\"collapse204\" href=\"javascript:void(0)\"  aria-expanded=\"false\" tabindex=\"0\"><i class=\"ea-expand-icon ea-icon-expand-plus\"><\/i> CAF\u00c9<\/a><\/h3><div class=\"sp-collapse spcollapse spcollapse\" id=\"collapse204\" data-parent=\"#sp-ea-20\" role=\"region\" aria-labelledby=\"ea-header-204\"><div class=\"ea-body\"><ul>\n<li>Los estudios muestran una relaci\u00f3n entre el consumo de caf\u00e9 y un menor riesgo de diabetes de tipo 2.<\/li>\n<\/ul>\n<\/div><\/div><\/div><div class=\"ea-card  sp-ea-single\"><h3 class=\"ea-header\"><a class=\"collapsed\" id=\"ea-header-205\" data-sptoggle=\"spcollapse\" data-sptarget=\"#collapse205\" aria-controls=\"collapse205\" href=\"javascript:void(0)\"  aria-expanded=\"false\" tabindex=\"0\"><i class=\"ea-expand-icon ea-icon-expand-plus\"><\/i> ALCOHOL<\/a><\/h3><div class=\"sp-collapse spcollapse spcollapse\" id=\"collapse205\" data-parent=\"#sp-ea-20\" role=\"region\" aria-labelledby=\"ea-header-205\"><div class=\"ea-body\"><p>El consumo moderado de alcohol se asocia a un menor riesgo de diabetes de tipo 2. Por el contrario, un mayor consumo de alcohol aumenta el riesgo de diabetes de tipo 2. El consumo de alcohol puede provocar adicci\u00f3n, da\u00f1os hep\u00e1ticos o c\u00e1ncer<\/p>\n<\/div><\/div><\/div><div class=\"ea-card  sp-ea-single\"><h3 class=\"ea-header\"><a class=\"collapsed\" id=\"ea-header-206\" data-sptoggle=\"spcollapse\" data-sptarget=\"#collapse206\" aria-controls=\"collapse206\" href=\"javascript:void(0)\"  aria-expanded=\"false\" tabindex=\"0\"><i class=\"ea-expand-icon ea-icon-expand-plus\"><\/i> FUMAR<\/a><\/h3><div class=\"sp-collapse spcollapse spcollapse\" id=\"collapse206\" data-parent=\"#sp-ea-20\" role=\"region\" aria-labelledby=\"ea-header-206\"><div class=\"ea-body\"><ul>\n<li>Fumar en exceso se asocia a un mayor riesgo de diabetes de tipo 2. Fumar tambi\u00e9n puede provocar c\u00e1ncer y enfermedades cardiovasculares. Por lo tanto, es aconsejable dejar de fumar.<\/li>\n<\/ul>\n<\/div><\/div><\/div><\/div><\/div>","protected":false},"excerpt":{"rendered":"<p>Factores inmutables que influyen en el riesgo de diabetes tipo 2: Factores modificables que influyen en el riesgo de diabetes tipo 2:<\/p>","protected":false},"author":2,"featured_media":147,"parent":0,"menu_order":0,"comment_status":"closed","ping_status":"closed","template":"","meta":{"footnotes":""},"class_list":["post-14","page","type-page","status-publish","has-post-thumbnail","hentry"],"_links":{"self":[{"href":"https:\/\/www.lazarus-union.international\/diabetes\/es\/wp-json\/wp\/v2\/pages\/14","targetHints":{"allow":["GET"]}}],"collection":[{"href":"https:\/\/www.lazarus-union.international\/diabetes\/es\/wp-json\/wp\/v2\/pages"}],"about":[{"href":"https:\/\/www.lazarus-union.international\/diabetes\/es\/wp-json\/wp\/v2\/types\/page"}],"author":[{"embeddable":true,"href":"https:\/\/www.lazarus-union.international\/diabetes\/es\/wp-json\/wp\/v2\/users\/2"}],"replies":[{"embeddable":true,"href":"https:\/\/www.lazarus-union.international\/diabetes\/es\/wp-json\/wp\/v2\/comments?post=14"}],"version-history":[{"count":6,"href":"https:\/\/www.lazarus-union.international\/diabetes\/es\/wp-json\/wp\/v2\/pages\/14\/revisions"}],"predecessor-version":[{"id":152,"href":"https:\/\/www.lazarus-union.international\/diabetes\/es\/wp-json\/wp\/v2\/pages\/14\/revisions\/152"}],"wp:featuredmedia":[{"embeddable":true,"href":"https:\/\/www.lazarus-union.international\/diabetes\/es\/wp-json\/wp\/v2\/media\/147"}],"wp:attachment":[{"href":"https:\/\/www.lazarus-union.international\/diabetes\/es\/wp-json\/wp\/v2\/media?parent=14"}],"curies":[{"name":"wp","href":"https:\/\/api.w.org\/{rel}","templated":true}]}}