{"id":24,"date":"2023-07-31T10:31:24","date_gmt":"2023-07-31T08:31:24","guid":{"rendered":"https:\/\/www.lazarus-union.international\/diabetes\/?page_id=24"},"modified":"2024-07-20T16:05:31","modified_gmt":"2024-07-20T14:05:31","slug":"what-is-your-risk","status":"publish","type":"page","link":"https:\/\/www.lazarus-union.international\/diabetes\/es\/what-is-your-risk\/","title":{"rendered":"\u00bfCU\u00c1L ES SU RIESGO?"},"content":{"rendered":"<h4 class=\"wp-block-heading\">Esta prueba determina su riesgo de diabetes de forma r\u00e1pida y fiable:<\/h4>\n\n\n\n<p>(No se almacenar\u00e1n datos personales como la direcci\u00f3n IP o los valores introducidos).<\/p>\n\n\n\n<h6 class=\"wp-block-heading\">Calcula tu \u00cdndice de Masa Corporal (IMC) y an\u00f3talo,<\/h6>\n\n\n<style>\n\t\t\t\t#fcp-bmi-intake-form {\n\t\t\t\t    margin: 0px;\n\t\t\t\t    padding: 0px;\n\t\t\t\t    border: solid 2px #4f91cd;\n\t\t\t\t    width: 100%;\n\t\t\t\t}#fcp-bmi-intake-form h3 {\n\t\t\t\t    text-transform: uppercase;\n\t\t\t\t    background-color: #4f91cd;\n\t\t\t\t    padding: 2%;\n\t\t\t\t    color: #fff;\n\t\t\t\t    font-weight: bolder;\n\t\t\t\t    text-align: center;\n\t\t\t\t    margin: 0px;\n\t\t\t\t}\n\n\t\t\t\t#fcp-bmi-intake-form .fcp-result-string {\n\t\t\t\t    background-color: #4f91cd;\n\t\t\t\t    padding: 1%;\n\t\t\t\t    color: #fff;\n\t\t\t\t    font-size: 20px;\n\t\t\t\t    text-align: center;\n\t\t\t\t    margin: 0px;\n\t\t\t\t}\n\t\t\t\t#fcp-bmi-intake-form .fcp-btn {\n\t\t\t\t    background-color: #4f91cd;\n\t\t\t\t    color: #fff;\n\t\t\t\t    text-transform: uppercase;\n\t\t\t\t    border-radius: 4px;\n\t\t\t\t    border: solid 2px #4f91cd;\n\t\t\t\t}\n\t\t\t\t<\/style><div id=\"fcp-bmi-intake-form\" class=\"container\">\n\t\t\t\t<h3>Calculadora de IMC<\/h3>\n\t\t\t<div class=\"fcp-row\"><div class=\"form-container\"><div class=\"row\">\n\t\t\t\t\t\t<div class=\"col\">\n\t\t\t\t\t\t\t<label for=\"fcp-bmi-intake-radio-metric\">M\u00e9trica\n\t\t\t\t  \t\t\t<input type=\"radio\" id=\"fcp-bmi-intake-radio-metric\"\n\t\t\t\t\t\t\t  class=\"form-control fcp-bmi-radio\" name=\"fcp-bmi-intake-radio\"\n\t\t\t\t\t\t\t  checked\n\t\t\t\t\t\t\t value=\"metric\">\n\t\t\t\t\t\t\t  <\/label>\n\t\t\t\t  \t\t\t<span class=\"fcp-error\">requiere<\/span>\n\t\t\t\t\t\t<\/div><div class=\"col\">\n\t\t\t\t\t\t\t\t<label for=\"fcp-bmi-intake-radio-imperial\">Est\u00e1ndar\n\t\t\t\t\t  \t\t\t <input type=\"radio\" id=\"fcp-bmi-intake-radio-imperial\"\n\t\t\t\t\t\t\t\t   class=\"form-control fcp-bmi-radio\" name=\"fcp-bmi-intake-radio\"\n\t\t\t\t\t\t\t\t   checked\n\t\t\t\t\t\t\t\t value=\"imperial\" >\n\t\t\t\t\t\t\t\t<\/label>\n\t\t\t\t\t  \t\t\t<span class=\"fcp-error\">requiere<\/span>\n\t\t\t\t\t\t<\/div><\/div><div class=\"row\">\n\t\t\t  \t\t\t\t<div class=\"col\">\n\t\t\t  \t\t\t\t\t<label class=\"fcp-bmi-intake-height\" for=\"fcp-bmi-intake-height\">Altura<\/label>\n\t\t\t\t\t\t    \t<input  id=\"fcp-bmi-intake-height\" pattern=\"[0-9]\" type=\"text\"  class=\"left  form-control\" name=\"fcp-bmi-intake-height\" \/>\n\t\t\t\t\t\t    \t<span id=\"fcp-bmi-intake-height-error\" class=\"fcp-error\">requiere<\/span>\n\t\t\t  \t\t\t\t<\/div>\n\t\t\t  \t\t\t\t<div class=\"col\">\n\t\t\t  \t\t\t\t\t<label for=\"fcp-bmi-intake-weight\">Peso<\/label>\n\t\t\t\t\t\t    \t<input id=\"fcp-bmi-intake-weight\"  pattern=\"[0-9]\" type=\"text\" class=\"left form-control\" name=\"fcp-bmi-intake-weight\" \/>\n\t\t\t\t\t\t    \t<span id=\"fcp-bmi-intake-weight-error\" class=\"fcp-error\">requiere<\/span>\n\t\t\t  \t\t\t\t<\/div>\n\t\t\t  \t\t\t<\/div>\n\t\t\t  \t\t\t<tr style=\"text-align: center;\"><td colspan=\"2\"><button onclick=\"fcpCalculatebmiIntake()\" class=\"btn btn-default fcp-btn\">Calcule<\/button><\/div><\/div>\n\t\t\t  \t\t<p class=\"fcp-result-string\">  Su IMC es<span class=\"fcp-bmi-calculated-result\">......<\/span><\/p>\n\t\t\t  \t\t<div id=\"bmiClassList\">\n\t\t\t                <table id=\"bmiResultTable\" class=\"hide_result w-100\">\n\t\t\t                 <tbody>\n\t\t\t\t\t\t\t <tr>\n\t\t\t                  <th>IMC<\/th><th>Clasificaci\u00f3n<\/th>\n\t\t\t\t\t\t\t <\/tr> \n\t\t\t                 <tr>\n\t\t\t                  <td>inferior a 18,5:<\/td>\n\t\t\t\t\t\t\t  <td>Bajo peso<\/td>\n\t\t\t                 <\/tr>\n\t\t\t\t\t\t\t <tr>\n\t\t\t                 <tr class=\"bmiGreen\">\n\t\t\t                  <td>18.5 - 24.9:<\/td><td>Peso normal<\/td>\n\t\t\t                 <\/tr>\n\t\t\t                 <tr>\n\t\t\t                  <td>25 - 29.9:<\/td><td>Sobrepeso<\/td>\n\t\t\t                 <\/tr>\n\t\t\t\t\t\t\t <tr>\n\t\t\t                  <td>30 - 34.9:<\/td><td>Clase I Obesos<\/td>\n\t\t\t                 <\/tr>\n\t\t\t                 <tr class=\"\">\n\t\t\t                  <td>35 - 39.9:<\/td><td>Clase II Obesos<\/td>\n\t\t\t                 <\/tr>\n\t\t\t                 <tr>\n\t\t\t                  <td>40 para arriba:<\/td><td>Clase III Obesos<\/td>\n\t\t\t                 <\/tr>\n\t\t\t                <\/tbody><\/table>\n\t\t\t        <\/div>\n\n\t\t\t  <\/div>\n\t\t<\/div>\n\n\n\n<h6 class=\"wp-block-heading\">responda a 7 preguntas para determinar su riesgo individual. <\/h6>\n\n\n\n<p>Por ejemplo, \u00bftiene alg\u00fan familiar diab\u00e9tico o le han diagnosticado alguna vez niveles elevados de az\u00facar en sangre? Al final de la prueba, ver\u00e1 su resultado y tambi\u00e9n consejos sobre c\u00f3mo puede reducir su riesgo determinado a trav\u00e9s de su comportamiento.  .<em> <\/em>(<em>Esta prueba est\u00e1 recomendada por la Fundaci\u00f3n Alemana para la Diabetes<\/em>)<\/p>\n\n\n\n<p class=\"has-text-color has-small-font-size\" style=\"color:#4f91cd\"><strong>NOTA: La prueba no es adecuada si ya padece diabetes (<em>tipo 1 o tipo 2<\/em>) o si ya nota los signos t\u00edpicos de la diabetes. Estos son, por ejemplo, sed intensa, aumento de la micci\u00f3n, fatiga, p\u00e9rdida de apetito, cansancio o p\u00e9rdida de peso injustificada. En este \u00faltimo caso, consulte estos s\u00edntomas con su m\u00e9dico de cabecera. <\/strong><\/p>\n\n\n<div id=\"watu_quiz\" class=\"quiz-area\">\n<form action=\"\" method=\"post\" class=\"quiz-form\" id=\"quiz-2\" data-trp-original-action=\"\" >\n<div class='watu-question' id='question-1'><div class='question-content'><p>\u00bfCu\u00e1ntos a\u00f1os tienes?<\/p>\n<\/div><input type='hidden' name='question_id[]' value='4' \/><div class='watu-questions-wrap'><input type='hidden' name='answer_ids[]' class='watu-answer-ids' value='27' \/><div class='watu-question-choice'><input type='radio' name='answer-4[]' id='answer-id-27' class='answer answer-1  answerof-4' value='27' \/>&nbsp;<label for='answer-id-27' id='answer-label-27' class='answer label-1'><span class='answer'>Menos de 35 a\u00f1os<\/span><\/label><\/div>\n<input type='hidden' name='answer_ids[]' class='watu-answer-ids' value='28' \/><div class='watu-question-choice'><input type='radio' name='answer-4[]' id='answer-id-28' class='answer answer-1  answerof-4' value='28' \/>&nbsp;<label for='answer-id-28' id='answer-label-28' class='answer label-1'><span class='answer'>35 a 44 a\u00f1os<\/span><\/label><\/div>\n<input type='hidden' name='answer_ids[]' class='watu-answer-ids' value='29' \/><div class='watu-question-choice'><input type='radio' name='answer-4[]' id='answer-id-29' class='answer answer-1  answerof-4' value='29' \/>&nbsp;<label for='answer-id-29' id='answer-label-29' class='answer label-1'><span class='answer'>45 a 54 a\u00f1os<\/span><\/label><\/div>\n<input type='hidden' name='answer_ids[]' class='watu-answer-ids' value='30' \/><div class='watu-question-choice'><input type='radio' name='answer-4[]' id='answer-id-30' class='answer answer-1  answerof-4' value='30' \/>&nbsp;<label for='answer-id-30' id='answer-label-30' class='answer label-1'><span class='answer'>55 a 64 a\u00f1os<\/span><\/label><\/div>\n<input type='hidden' name='answer_ids[]' class='watu-answer-ids' value='31' \/><div class='watu-question-choice'><input type='radio' name='answer-4[]' id='answer-id-31' class='answer answer-1  answerof-4' value='31' \/>&nbsp;<label for='answer-id-31' id='answer-label-31' class='answer label-1'><span class='answer'>Mayores de 64 a\u00f1os<\/span><\/label><\/div>\n<\/div><input type='hidden' id='questionType1' value='radio' class='required'><\/div><div class='watu-question' id='question-2'><div class='question-content'><p>\u00bfAl menos un miembro de su familia ha sido diagnosticado de diabetes?<\/p>\n<\/div><input type='hidden' name='question_id[]' value='5' \/><div class='watu-questions-wrap'><input type='hidden' name='answer_ids[]' class='watu-answer-ids' value='32' \/><div class='watu-question-choice'><input type='radio' name='answer-5[]' id='answer-id-32' class='answer answer-2  answerof-5' value='32' \/>&nbsp;<label for='answer-id-32' id='answer-label-32' class='answer label-2'><span class='answer'>No<\/span><\/label><\/div>\n<input type='hidden' name='answer_ids[]' class='watu-answer-ids' value='33' \/><div class='watu-question-choice'><input type='radio' name='answer-5[]' id='answer-id-33' class='answer answer-2  answerof-5' value='33' \/>&nbsp;<label for='answer-id-33' id='answer-label-33' class='answer label-2'><span class='answer'>S\u00ed, en parientes lejanos.<br \/>\n(<em>Con abuelos biol\u00f3gicos, t\u00edos, primos<\/em>)<\/span><\/label><\/div>\n<input type='hidden' name='answer_ids[]' class='watu-answer-ids' value='34' \/><div class='watu-question-choice'><input type='radio' name='answer-5[]' id='answer-id-34' class='answer answer-2  answerof-5' value='34' \/>&nbsp;<label for='answer-id-34' id='answer-label-34' class='answer label-2'><span class='answer'>S\u00ed, en parientes cercanos.<br \/>\n(<em>Con padres naturales, hijos, hermanos<\/em>)<\/span><\/label><\/div>\n<\/div><input type='hidden' id='questionType2' value='radio' class='required'><\/div><div class='watu-question' id='question-3'><div class='question-content'><p>\u00bfQu\u00e9 per\u00edmetro de cintura mide a la altura del ombligo?<\/p>\n<\/div><input type='hidden' name='question_id[]' value='6' \/><div class='watu-questions-wrap'><input type='hidden' name='answer_ids[]' class='watu-answer-ids' value='35' \/><div class='watu-question-choice'><input type='radio' name='answer-6[]' id='answer-id-35' class='answer answer-3  answerof-6' value='35' \/>&nbsp;<label for='answer-id-35' id='answer-label-35' class='answer label-3'><span class='answer'>Por debajo de 80 cm (<em>mujeres<\/em>), por debajo de 84 cm (<em>hombre<\/em>)<\/span><\/label><\/div>\n<input type='hidden' name='answer_ids[]' class='watu-answer-ids' value='36' \/><div class='watu-question-choice'><input type='radio' name='answer-6[]' id='answer-id-36' class='answer answer-3  answerof-6' value='36' \/>&nbsp;<label for='answer-id-36' id='answer-label-36' class='answer label-3'><span class='answer'>80 - 88 cm (<em>mujeres<\/em>), por debajo de 94 - 102 cm (<em>hombre<\/em>)<\/span><\/label><\/div>\n<input type='hidden' name='answer_ids[]' class='watu-answer-ids' value='37' \/><div class='watu-question-choice'><input type='radio' name='answer-6[]' id='answer-id-37' class='answer answer-3  answerof-6' value='37' \/>&nbsp;<label for='answer-id-37' id='answer-label-37' class='answer label-3'><span class='answer'>M\u00e1s de 88 cm (<em>mujeres<\/em>), por debajo de 102 cm (<em>hombre<\/em>)<\/span><\/label><\/div>\n<\/div><input type='hidden' id='questionType3' value='radio' class='required'><\/div><div class='watu-question' id='question-4'><div class='question-content'><p>\u00bfHace al menos 30 minutos de actividad f\u00edsica al d\u00eda?<\/p>\n<\/div><input type='hidden' name='question_id[]' value='7' \/><div class='watu-questions-wrap'><input type='hidden' name='answer_ids[]' class='watu-answer-ids' value='38' \/><div class='watu-question-choice'><input type='radio' name='answer-7[]' id='answer-id-38' class='answer answer-4  answerof-7' value='38' \/>&nbsp;<label for='answer-id-38' id='answer-label-38' class='answer label-4'><span class='answer'>S\u00ed<\/span><\/label><\/div>\n<input type='hidden' name='answer_ids[]' class='watu-answer-ids' value='39' \/><div class='watu-question-choice'><input type='radio' name='answer-7[]' id='answer-id-39' class='answer answer-4  answerof-7' value='39' \/>&nbsp;<label for='answer-id-39' id='answer-label-39' class='answer label-4'><span class='answer'>No<\/span><\/label><\/div>\n<\/div><input type='hidden' id='questionType4' value='radio' class='required'><\/div><div class='watu-question' id='question-5'><div class='question-content'><p>\u00bfCon qu\u00e9 frecuencia comes fruta, verdura o pan negro (<em>pan de centeno o integral<\/em>)?<\/p>\n<\/div><input type='hidden' name='question_id[]' value='8' \/><div class='watu-questions-wrap'><input type='hidden' name='answer_ids[]' class='watu-answer-ids' value='20' \/><div class='watu-question-choice'><input type='radio' name='answer-8[]' id='answer-id-20' class='answer answer-5  answerof-8' value='20' \/>&nbsp;<label for='answer-id-20' id='answer-label-20' class='answer label-5'><span class='answer'>Todos los d\u00edas<\/span><\/label><\/div>\n<input type='hidden' name='answer_ids[]' class='watu-answer-ids' value='21' \/><div class='watu-question-choice'><input type='radio' name='answer-8[]' id='answer-id-21' class='answer answer-5  answerof-8' value='21' \/>&nbsp;<label for='answer-id-21' id='answer-label-21' class='answer label-5'><span class='answer'>No todos los d\u00edas<\/span><\/label><\/div>\n<\/div><input type='hidden' id='questionType5' value='radio' class='required'><\/div><div class='watu-question' id='question-6'><div class='question-content'><p>\u00bfLe han recetado alguna vez medicamentos para la hipertensi\u00f3n?<\/p>\n<\/div><input type='hidden' name='question_id[]' value='9' \/><div class='watu-questions-wrap'><input type='hidden' name='answer_ids[]' class='watu-answer-ids' value='22' \/><div class='watu-question-choice'><input type='radio' name='answer-9[]' id='answer-id-22' class='answer answer-6  answerof-9' value='22' \/>&nbsp;<label for='answer-id-22' id='answer-label-22' class='answer label-6'><span class='answer'>No<\/span><\/label><\/div>\n<input type='hidden' name='answer_ids[]' class='watu-answer-ids' value='23' \/><div class='watu-question-choice'><input type='radio' name='answer-9[]' id='answer-id-23' class='answer answer-6  answerof-9' value='23' \/>&nbsp;<label for='answer-id-23' id='answer-label-23' class='answer label-6'><span class='answer'>S\u00ed<\/span><\/label><\/div>\n<\/div><input type='hidden' id='questionType6' value='radio' class='required'><\/div><div class='watu-question' id='question-7'><div class='question-content'><p>\u00bfCu\u00e1l es su relaci\u00f3n entre altura y peso corporal (<em>\u00edndice de masa corporal<\/em>)?<\/p>\n<\/div><input type='hidden' name='question_id[]' value='10' \/><div class='watu-questions-wrap'><input type='hidden' name='answer_ids[]' class='watu-answer-ids' value='24' \/><div class='watu-question-choice'><input type='radio' name='answer-10[]' id='answer-id-24' class='answer answer-7  answerof-10' value='24' \/>&nbsp;<label for='answer-id-24' id='answer-label-24' class='answer label-7'><span class='answer'>Por debajo del 25<\/span><\/label><\/div>\n<input type='hidden' name='answer_ids[]' class='watu-answer-ids' value='25' \/><div class='watu-question-choice'><input type='radio' name='answer-10[]' id='answer-id-25' class='answer answer-7  answerof-10' value='25' \/>&nbsp;<label for='answer-id-25' id='answer-label-25' class='answer label-7'><span class='answer'>De 25 a 30<\/span><\/label><\/div>\n<input type='hidden' name='answer_ids[]' class='watu-answer-ids' value='26' \/><div class='watu-question-choice'><input type='radio' name='answer-10[]' id='answer-id-26' class='answer answer-7  answerof-10' value='26' \/>&nbsp;<label for='answer-id-26' id='answer-label-26' class='answer label-7'><span class='answer'>M\u00e1s del 30<\/span><\/label><\/div>\n<\/div><input type='hidden' id='questionType7' value='radio' class='required'><\/div><div style='display:none' id='question-8'><br \/><div class='question-content'><img loading=\"lazy\" decoding=\"async\" src=\"https:\/\/www.lazarus-union.international\/diabetes\/wp-content\/plugins\/watu\/loading.gif\" width=\"16\" height=\"16\" alt=\"Cargando ...\" title=\"Cargando ...\" \/>&nbsp;Cargando ...<\/div><\/div><br \/>\n\t<p>Pregunta <span id='numQ'>1<\/span> de 7<\/p>\n\t\t<input type=\"button\" id=\"next-question\" value=\"Siguiente &gt;\"  \/>\n<input type=\"button\" name=\"action\" onclick=\"Watu.submitResult()\" id=\"action-button\" value=\"CALCULAR\"  class=\"watu-submit-button\" \/>\n<input type=\"hidden\" name=\"no_ajax\" value=\"0\"><input type=\"hidden\" name=\"quiz_id\" value=\"2\" \/>\n<input type=\"hidden\" id=\"watuStartTime\" name=\"start_time\" value=\"2026-05-03 14:34:28\" \/>\n\t\t\n\t\t<input class=\"watu-beehive\" type=\"text\" value=\"_b7665afc013765c0f028511e68f781ca\" id=\"watuAppSourceID2\">\n\t\t<input class=\"watu-beehive\" name=\"h_app_id\" type=\"text\" value=\"_0.10705000 1777811668\" id=\"watuAppID2\">\n<input type=\"hidden\" name=\"trp-form-language\" value=\"es\"\/><\/form>\n<\/div>\n<div id=\"watu-loading-result\" style=\"display:none;\">\n\t<p align=\"center\"><img loading=\"lazy\" decoding=\"async\" src=\"https:\/\/www.lazarus-union.international\/diabetes\/wp-content\/plugins\/watu\/loading.gif\" width=\"16\" height=\"16\" alt=\"Cargando\" title=\"Cargando\" \/><\/p>\n<\/div>\t\n<script type=\"text\/javascript\">\nvar exam_id=0;\nvar question_ids='';\nvar watuURL='';\njQuery(function($){\nquestion_ids = \"4,5,6,7,8,9,10\";\nexam_id = 2;\nWatu.exam_id = exam_id;\nWatu.qArr = question_ids.split(',');\nWatu.post_id = 24;\nWatu.singlePage = '0';\nWatu.hAppID = \"0.10706000 1777811668\";\nwatuURL = \"https:\/\/www.lazarus-union.international\/diabetes\/wp-admin\/admin-ajax.php\";\nWatu.noAlertUnanswered = 0;\n});\n<\/script>","protected":false},"excerpt":{"rendered":"<p>Este test determina su riesgo de diabetes de forma r\u00e1pida y fiable: (\u00a1No se almacenar\u00e1n datos personales como la direcci\u00f3n IP o los valores introducidos!) Calcule su \u00cdndice de Masa Corporal (IMC) y an\u00f3telo, despu\u00e9s responda a 7 preguntas para determinar su riesgo individual. Por ejemplo, \u00bftiene alg\u00fan familiar con diabetes o ha ... <\/p>\n<p class=\"link-more\"><a href=\"https:\/\/www.lazarus-union.international\/diabetes\/es\/what-is-your-risk\/\" class=\"more-link\">Seguir leyendo<span class=\"screen-reader-text\"> \"\u00bfCU\u00c1L ES SU RIESGO?\"<\/span><\/a><\/p>","protected":false},"author":2,"featured_media":148,"parent":0,"menu_order":0,"comment_status":"closed","ping_status":"closed","template":"","meta":{"footnotes":""},"class_list":["post-24","page","type-page","status-publish","has-post-thumbnail","hentry"],"_links":{"self":[{"href":"https:\/\/www.lazarus-union.international\/diabetes\/es\/wp-json\/wp\/v2\/pages\/24","targetHints":{"allow":["GET"]}}],"collection":[{"href":"https:\/\/www.lazarus-union.international\/diabetes\/es\/wp-json\/wp\/v2\/pages"}],"about":[{"href":"https:\/\/www.lazarus-union.international\/diabetes\/es\/wp-json\/wp\/v2\/types\/page"}],"author":[{"embeddable":true,"href":"https:\/\/www.lazarus-union.international\/diabetes\/es\/wp-json\/wp\/v2\/users\/2"}],"replies":[{"embeddable":true,"href":"https:\/\/www.lazarus-union.international\/diabetes\/es\/wp-json\/wp\/v2\/comments?post=24"}],"version-history":[{"count":9,"href":"https:\/\/www.lazarus-union.international\/diabetes\/es\/wp-json\/wp\/v2\/pages\/24\/revisions"}],"predecessor-version":[{"id":153,"href":"https:\/\/www.lazarus-union.international\/diabetes\/es\/wp-json\/wp\/v2\/pages\/24\/revisions\/153"}],"wp:featuredmedia":[{"embeddable":true,"href":"https:\/\/www.lazarus-union.international\/diabetes\/es\/wp-json\/wp\/v2\/media\/148"}],"wp:attachment":[{"href":"https:\/\/www.lazarus-union.international\/diabetes\/es\/wp-json\/wp\/v2\/media?parent=24"}],"curies":[{"name":"wp","href":"https:\/\/api.w.org\/{rel}","templated":true}]}}