{"id":56,"date":"2023-07-31T13:19:18","date_gmt":"2023-07-31T11:19:18","guid":{"rendered":"https:\/\/www.lazarus-union.international\/diabetes\/?page_id=56"},"modified":"2024-07-20T16:05:41","modified_gmt":"2024-07-20T14:05:41","slug":"how-to-avoid-diabetes","status":"publish","type":"page","link":"https:\/\/www.lazarus-union.international\/diabetes\/es\/how-to-avoid-diabetes\/","title":{"rendered":"C\u00d3MO EVITAR LA DIABETES"},"content":{"rendered":"<h2 class=\"wp-block-heading\"><\/h2>\n\n\n\n<p>Para evitar la diabetes o reducir el riesgo de desarrollarla, puede tomar varias medidas proactivas para mantener un estilo de vida saludable. He aqu\u00ed algunas estrategias esenciales:<\/p>\n\n\n\n<p><strong>Seguir una dieta equilibrada<\/strong>: C\u00e9ntrese en consumir una variedad de alimentos ricos en nutrientes, como frutas, verduras, cereales integrales, prote\u00ednas magras y grasas saludables. Limite el consumo de alimentos procesados, bebidas azucaradas y tentempi\u00e9s hipercal\u00f3ricos.<\/p>\n\n\n\n<p><strong>Controlar el tama\u00f1o de las porciones<\/strong>: Tenga en cuenta el tama\u00f1o de las raciones para evitar comer en exceso, especialmente cuando consuma alimentos hipercal\u00f3ricos.<\/p>\n\n\n\n<p><strong>Mantener un peso saludable<\/strong>: El sobrepeso o la obesidad aumentan el riesgo de diabetes. Intente alcanzar y mantener un peso saludable mediante una combinaci\u00f3n de dieta equilibrada y actividad f\u00edsica regular.<\/p>\n\n\n\n<p><strong>Mant\u00e9ngase f\u00edsicamente activo<\/strong>: Practique una actividad f\u00edsica regular, como caminar, correr, nadar, montar en bicicleta o cualquier otro ejercicio que le guste. Intente realizar al menos 150 minutos de ejercicio de intensidad moderada o 75 minutos de ejercicio de intensidad vigorosa a la semana.<\/p>\n\n\n\n<p><strong>Controlar la ingesta de carbohidratos<\/strong>: Si tiene antecedentes familiares de diabetes o corre riesgo de padecerla, considere la posibilidad de controlar su consumo de carbohidratos. Elija hidratos de carbono complejos y evite el consumo excesivo de az\u00facares refinados y carbohidratos procesados.<\/p>\n\n\n\n<p><strong>Limitar el consumo de alcohol<\/strong>: Si bebe alcohol, h\u00e1galo con moderaci\u00f3n. El consumo excesivo de alcohol puede contribuir al aumento de peso y puede aumentar el riesgo de diabetes de tipo 2.<\/p>\n\n\n\n<p><strong>Dejar de fumar<\/strong>: Fumar est\u00e1 asociado a un mayor riesgo de diabetes y otros problemas de salud. Si fumas, busca ayuda para dejar de fumar.<\/p>\n\n\n\n<p><strong>Gestionar el estr\u00e9s<\/strong>: El estr\u00e9s cr\u00f3nico puede afectar a sus niveles hormonales y a la regulaci\u00f3n del az\u00facar en sangre. Practica t\u00e9cnicas para reducir el estr\u00e9s como la meditaci\u00f3n, el yoga, la respiraci\u00f3n profunda o dedica tiempo a actividades que te gusten.<\/p>\n\n\n\n<p><strong>Revisiones peri\u00f3dicas<\/strong>: Las revisiones m\u00e9dicas peri\u00f3dicas pueden ayudar a controlar los niveles de az\u00facar en sangre y detectar a tiempo cualquier posible problema.<\/p>\n\n\n\n<p><strong>Conozca su historia familiar<\/strong>: Si tiene antecedentes familiares de diabetes, es esencial que sea consciente del mayor riesgo y tome medidas preventivas.<\/p>\n\n\n\n<p><strong>Dormir bien<\/strong>: Procure dormir entre 7 y 9 horas de calidad cada noche. Un mal patr\u00f3n de sue\u00f1o puede afectar a la sensibilidad a la insulina y aumentar el riesgo de diabetes.<\/p>\n\n\n\n<p>Recuerde que la gen\u00e9tica puede influir en el riesgo de diabetes, pero las elecciones de estilo de vida pueden influir significativamente en el desarrollo de la diabetes de tipo 2. Si adopta un estilo de vida saludable y realiza cambios positivos, podr\u00e1 reducir el riesgo y mejorar su bienestar general. Si le preocupa su riesgo de diabetes o necesita asesoramiento personalizado, consulte a un profesional sanitario o a un dietista titulado.<\/p>","protected":false},"excerpt":{"rendered":"<p>Para evitar la diabetes o reducir el riesgo de desarrollarla, puede tomar varias medidas proactivas para mantener un estilo de vida saludable. He aqu\u00ed algunas estrategias esenciales: Siga una dieta equilibrada: C\u00e9ntrese en consumir una variedad de alimentos ricos en nutrientes, como frutas, verduras, cereales integrales, prote\u00ednas magras y grasas saludables. Limite el consumo de alimentos procesados, azucarados ... <\/p>\n<p class=\"link-more\"><a href=\"https:\/\/www.lazarus-union.international\/diabetes\/es\/how-to-avoid-diabetes\/\" class=\"more-link\">Seguir leyendo<span class=\"screen-reader-text\"> \"C\u00d3MO EVITAR LA DIABETES\"<\/span><\/a><\/p>","protected":false},"author":2,"featured_media":144,"parent":0,"menu_order":0,"comment_status":"closed","ping_status":"closed","template":"","meta":{"footnotes":""},"class_list":["post-56","page","type-page","status-publish","has-post-thumbnail","hentry"],"_links":{"self":[{"href":"https:\/\/www.lazarus-union.international\/diabetes\/es\/wp-json\/wp\/v2\/pages\/56","targetHints":{"allow":["GET"]}}],"collection":[{"href":"https:\/\/www.lazarus-union.international\/diabetes\/es\/wp-json\/wp\/v2\/pages"}],"about":[{"href":"https:\/\/www.lazarus-union.international\/diabetes\/es\/wp-json\/wp\/v2\/types\/page"}],"author":[{"embeddable":true,"href":"https:\/\/www.lazarus-union.international\/diabetes\/es\/wp-json\/wp\/v2\/users\/2"}],"replies":[{"embeddable":true,"href":"https:\/\/www.lazarus-union.international\/diabetes\/es\/wp-json\/wp\/v2\/comments?post=56"}],"version-history":[{"count":3,"href":"https:\/\/www.lazarus-union.international\/diabetes\/es\/wp-json\/wp\/v2\/pages\/56\/revisions"}],"predecessor-version":[{"id":154,"href":"https:\/\/www.lazarus-union.international\/diabetes\/es\/wp-json\/wp\/v2\/pages\/56\/revisions\/154"}],"wp:featuredmedia":[{"embeddable":true,"href":"https:\/\/www.lazarus-union.international\/diabetes\/es\/wp-json\/wp\/v2\/media\/144"}],"wp:attachment":[{"href":"https:\/\/www.lazarus-union.international\/diabetes\/es\/wp-json\/wp\/v2\/media?parent=56"}],"curies":[{"name":"wp","href":"https:\/\/api.w.org\/{rel}","templated":true}]}}