{"id":68,"date":"2023-07-31T14:05:50","date_gmt":"2023-07-31T12:05:50","guid":{"rendered":"https:\/\/www.lazarus-union.international\/diabetes\/?page_id=68"},"modified":"2023-07-31T18:23:08","modified_gmt":"2023-07-31T16:23:08","slug":"world-diabetes-day","status":"publish","type":"page","link":"https:\/\/www.lazarus-union.international\/diabetes\/es\/","title":{"rendered":""},"content":{"rendered":"<p>El 14 de noviembre de cada a\u00f1o se celebra el D\u00eda Mundial de la Diabetes. Fue introducido en 1991 por la Federaci\u00f3n Internacional de Diabetes (FID) y la Organizaci\u00f3n Mundial de la Salud (OMS) en respuesta a la creciente amenaza para la salud que supone la diabetes en todo el mundo.<\/p>\n\n\n\n<p>El objetivo principal del D\u00eda Mundial de la Diabetes es concienciar sobre la diabetes, sus factores de riesgo, su prevenci\u00f3n y la importancia de un diagn\u00f3stico precoz y un tratamiento adecuado. La diabetes es una enfermedad cr\u00f3nica caracterizada por niveles elevados de az\u00facar en sangre, que pueden dar lugar a diversas complicaciones si no se controla de forma responsable. Hay dos tipos principales de diabetes: la de tipo 1, que suele diagnosticarse en la infancia, y la de tipo 2, m\u00e1s frecuente en adultos y a menudo asociada a factores del estilo de vida como la obesidad y la inactividad f\u00edsica.<\/p>\n\n\n\n<p>En el D\u00eda Mundial de la Diabetes se organizan en todo el mundo diversos actos, campa\u00f1as y actividades para aumentar el conocimiento p\u00fablico de la diabetes y abogar por mejorar la atenci\u00f3n y el acceso al tratamiento de los afectados. Gobiernos, organizaciones sanitarias y asociaciones de diab\u00e9ticos aprovechan este d\u00eda para promover la educaci\u00f3n diabetol\u00f3gica, la vida sana y la lucha contra la enfermedad.<\/p>\n\n\n\n<p>El s\u00edmbolo del D\u00eda Mundial de la Diabetes es un c\u00edrculo azul, que representa la unidad y la lucha mundial contra la diabetes. Los monumentos y edificios de todo el mundo suelen iluminarse de azul para mostrar su apoyo a la campa\u00f1a.<\/p>\n\n\n\n<p>El D\u00eda Mundial de la Diabetes sirve de plataforma esencial para reunir a particulares, profesionales sanitarios y responsables pol\u00edticos en sus esfuerzos por reducir el impacto de la diabetes y sus complicaciones asociadas en la poblaci\u00f3n mundial.<\/p>","protected":false},"excerpt":{"rendered":"<p>El 14 de noviembre de cada a\u00f1o se celebra el D\u00eda Mundial de la Diabetes. Fue introducido en 1991 por la Federaci\u00f3n Internacional de Diabetes (FID) y la Organizaci\u00f3n Mundial de la Salud (OMS) en respuesta a la creciente amenaza para la salud que supone la diabetes en todo el mundo. El objetivo principal del D\u00eda Mundial de la Diabetes es concienciar sobre la ... <\/p>\n<p class=\"link-more\"><a href=\"https:\/\/www.lazarus-union.international\/diabetes\/es\/\" class=\"more-link\">Seguir leyendo<span class=\"screen-reader-text\"> &#8220;&#8221;<\/span><\/a><\/p>","protected":false},"author":2,"featured_media":0,"parent":0,"menu_order":0,"comment_status":"closed","ping_status":"closed","template":"","meta":{"footnotes":""},"class_list":["post-68","page","type-page","status-publish","hentry"],"_links":{"self":[{"href":"https:\/\/www.lazarus-union.international\/diabetes\/es\/wp-json\/wp\/v2\/pages\/68","targetHints":{"allow":["GET"]}}],"collection":[{"href":"https:\/\/www.lazarus-union.international\/diabetes\/es\/wp-json\/wp\/v2\/pages"}],"about":[{"href":"https:\/\/www.lazarus-union.international\/diabetes\/es\/wp-json\/wp\/v2\/types\/page"}],"author":[{"embeddable":true,"href":"https:\/\/www.lazarus-union.international\/diabetes\/es\/wp-json\/wp\/v2\/users\/2"}],"replies":[{"embeddable":true,"href":"https:\/\/www.lazarus-union.international\/diabetes\/es\/wp-json\/wp\/v2\/comments?post=68"}],"version-history":[{"count":3,"href":"https:\/\/www.lazarus-union.international\/diabetes\/es\/wp-json\/wp\/v2\/pages\/68\/revisions"}],"predecessor-version":[{"id":118,"href":"https:\/\/www.lazarus-union.international\/diabetes\/es\/wp-json\/wp\/v2\/pages\/68\/revisions\/118"}],"wp:attachment":[{"href":"https:\/\/www.lazarus-union.international\/diabetes\/es\/wp-json\/wp\/v2\/media?parent=68"}],"curies":[{"name":"wp","href":"https:\/\/api.w.org\/{rel}","templated":true}]}}