{"id":14,"date":"2023-07-31T09:56:45","date_gmt":"2023-07-31T07:56:45","guid":{"rendered":"https:\/\/www.lazarus-union.international\/diabetes\/?page_id=14"},"modified":"2024-07-20T16:05:10","modified_gmt":"2024-07-20T14:05:10","slug":"risk-factors-for-type-2-diabetes","status":"publish","type":"page","link":"https:\/\/www.lazarus-union.international\/diabetes\/fr\/risk-factors-for-type-2-diabetes\/","title":{"rendered":"LES FACTEURS DE RISQUE DU DIAB\u00c8TE DE TYPE 2"},"content":{"rendered":"<div style=\"height:10px\" aria-hidden=\"true\" class=\"wp-block-spacer\"><\/div>\n\n\n\n<h4 class=\"wp-block-heading has-text-color\" style=\"color:#4f91cd\">Les facteurs immuables qui influencent le risque de diab\u00e8te de type 2 :<\/h4>\n\n\n<style>#sp-ea-16 .spcollapsing { height: 0; overflow: hidden; transition-property: height;transition-duration: 300ms;}#sp-ea-16.sp-easy-accordion>.sp-ea-single {margin-bottom: 10px; border: 1px solid #e2e2e2; }#sp-ea-16.sp-easy-accordion>.sp-ea-single>.ea-header a {color: #444;}#sp-ea-16.sp-easy-accordion>.sp-ea-single>.sp-collapse>.ea-body {background: #fff; color: #444;}#sp-ea-16.sp-easy-accordion>.sp-ea-single {background: #eee;}#sp-ea-16.sp-easy-accordion>.sp-ea-single>.ea-header a .ea-expand-icon { float: left; color: #444;font-size: 16px;}<\/style><div id=\"sp_easy_accordion-1690789973\"><div id=\"sp-ea-16\" class=\"sp-ea-one sp-easy-accordion\" data-ex-icon=\"minus\" data-col-icon=\"plus\"  data-ea-active=\"ea-click\"  data-ea-mode=\"vertical\" data-preloader=\"\" data-scroll-active-item=\"\" data-offset-to-scroll=\"0\"><div class=\"ea-card ea-expand sp-ea-single\"><h3 class=\"ea-header\"><a class=\"collapsed\" id=\"ea-header-160\" data-sptoggle=\"spcollapse\" data-sptarget=\"#collapse160\" aria-controls=\"collapse160\" href=\"javascript:void(0)\"  aria-expanded=\"true\" tabindex=\"0\"><i class=\"ea-expand-icon ea-icon-expand-minus\"><\/i> AGE<\/a><\/h3><div class=\"sp-collapse spcollapse collapsed show\" id=\"collapse160\" data-parent=\"#sp-ea-16\" role=\"region\" aria-labelledby=\"ea-header-160\"><div class=\"ea-body\"><ul>\n<li>Le risque de diab\u00e8te augmente avec l'\u00e2ge.<\/li>\n<li>Le diab\u00e8te de type 2 est tr\u00e8s rare chez les personnes de moins de 40 ans.<\/li>\n<\/ul>\n<\/div><\/div><\/div><div class=\"ea-card  sp-ea-single\"><h3 class=\"ea-header\"><a class=\"collapsed\" id=\"ea-header-161\" data-sptoggle=\"spcollapse\" data-sptarget=\"#collapse161\" aria-controls=\"collapse161\" href=\"javascript:void(0)\"  aria-expanded=\"false\" tabindex=\"0\"><i class=\"ea-expand-icon ea-icon-expand-plus\"><\/i> UN TROUBLE ANT\u00c9RIEUR DE LA GLYC\u00c9MIE<\/a><\/h3><div class=\"sp-collapse spcollapse\" id=\"collapse161\" data-parent=\"#sp-ea-16\" role=\"region\" aria-labelledby=\"ea-header-161\"><div class=\"ea-body\"><ul>\n<li>Les personnes qui ont parfois eu une glyc\u00e9mie \u00e9lev\u00e9e peuvent pr\u00e9senter un risque plus \u00e9lev\u00e9 de diab\u00e8te de type 2.<\/li>\n<li>C'est \u00e9galement le cas pour les femmes qui pr\u00e9sentaient des niveaux \u00e9lev\u00e9s de glucose dans le sang (<em>diab\u00e8te gestationnel ou de grossesse<\/em>) pendant la grossesse.<\/li>\n<\/ul>\n<\/div><\/div><\/div><div class=\"ea-card  sp-ea-single\"><h3 class=\"ea-header\"><a class=\"collapsed\" id=\"ea-header-162\" data-sptoggle=\"spcollapse\" data-sptarget=\"#collapse162\" aria-controls=\"collapse162\" href=\"javascript:void(0)\"  aria-expanded=\"false\" tabindex=\"0\"><i class=\"ea-expand-icon ea-icon-expand-plus\"><\/i> TAILLE DU CORPS<\/a><\/h3><div class=\"sp-collapse spcollapse\" id=\"collapse162\" data-parent=\"#sp-ea-16\" role=\"region\" aria-labelledby=\"ea-header-162\"><div class=\"ea-body\"><ul>\n<li>La taille du corps influe sur le risque de diab\u00e8te car elle joue \u00e9galement un r\u00f4le dans la r\u00e9partition des graisses autour de l'abdomen.<\/li>\n<\/ul>\n<\/div><\/div><\/div><div class=\"ea-card  sp-ea-single\"><h3 class=\"ea-header\"><a class=\"collapsed\" id=\"ea-header-163\" data-sptoggle=\"spcollapse\" data-sptarget=\"#collapse163\" aria-controls=\"collapse163\" href=\"javascript:void(0)\"  aria-expanded=\"false\" tabindex=\"0\"><i class=\"ea-expand-icon ea-icon-expand-plus\"><\/i> LE DIAB\u00c8TE DANS LA FAMILLE<\/a><\/h3><div class=\"sp-collapse spcollapse\" id=\"collapse163\" data-parent=\"#sp-ea-16\" role=\"region\" aria-labelledby=\"ea-header-163\"><div class=\"ea-body\"><ul>\n<li>Le risque est accru si des parents biologiques ont ou ont eu un diab\u00e8te de type 2. Cette augmentation du risque est probablement due \u00e0 l'interaction de facteurs g\u00e9n\u00e9tiques et de facteurs li\u00e9s au mode de vie de la famille.<\/li>\n<\/ul>\n<\/div><\/div><\/div><\/div><\/div>\n\n\n\n<div style=\"height:10px\" aria-hidden=\"true\" class=\"wp-block-spacer\"><\/div>\n\n\n\n<h4 class=\"wp-block-heading has-text-color\" style=\"color:#4f91cd\">Facteurs modifiables qui influencent le risque de diab\u00e8te de type 2 :<\/h4>\n\n\n<style>#sp-ea-20 .spcollapsing { height: 0; overflow: hidden; transition-property: height;transition-duration: 300ms;}#sp-ea-20.sp-easy-accordion>.sp-ea-single {margin-bottom: 10px; border: 1px solid #e2e2e2; }#sp-ea-20.sp-easy-accordion>.sp-ea-single>.ea-header a {color: #444;}#sp-ea-20.sp-easy-accordion>.sp-ea-single>.sp-collapse>.ea-body {background: #fff; color: #444;}#sp-ea-20.sp-easy-accordion>.sp-ea-single {background: #eee;}#sp-ea-20.sp-easy-accordion>.sp-ea-single>.ea-header a .ea-expand-icon { float: left; color: #444;font-size: 16px;}<\/style><div id=\"sp_easy_accordion-1690790367\"><div id=\"sp-ea-20\" class=\"sp-ea-one sp-easy-accordion\" data-ex-icon=\"minus\" data-col-icon=\"plus\"  data-ea-active=\"ea-click\"  data-ea-mode=\"vertical\" data-preloader=\"\" data-scroll-active-item=\"\" data-offset-to-scroll=\"0\"><div class=\"ea-card  sp-ea-single\"><h3 class=\"ea-header\"><a class=\"collapsed\" id=\"ea-header-200\" data-sptoggle=\"spcollapse\" data-sptarget=\"#collapse200\" aria-controls=\"collapse200\" href=\"javascript:void(0)\"  aria-expanded=\"false\" tabindex=\"0\"><i class=\"ea-expand-icon ea-icon-expand-plus\"><\/i>  L'ACTIVIT\u00c9 PHYSIQUE<\/a><\/h3><div class=\"sp-collapse spcollapse spcollapse\" id=\"collapse200\" data-parent=\"#sp-ea-20\" role=\"region\" aria-labelledby=\"ea-header-200\"><div class=\"ea-body\"><ul>\n<li>L'activit\u00e9 physique aide \u00e0 maintenir le poids corporel et am\u00e9liore en m\u00eame temps l'action de l'insuline. Cela permet de r\u00e9guler les niveaux de glucose dans le sang. Outre l'exercice physique, d'autres activit\u00e9s telles que le v\u00e9lo, le jardinage ou la marche contribuent \u00e9galement \u00e0 r\u00e9duire le risque de diab\u00e8te de type 2.<\/li>\n<\/ul>\n<\/div><\/div><\/div><div class=\"ea-card  sp-ea-single\"><h3 class=\"ea-header\"><a class=\"collapsed\" id=\"ea-header-201\" data-sptoggle=\"spcollapse\" data-sptarget=\"#collapse201\" aria-controls=\"collapse201\" href=\"javascript:void(0)\"  aria-expanded=\"false\" tabindex=\"0\"><i class=\"ea-expand-icon ea-icon-expand-plus\"><\/i> SURPOIDS (tour de taille)<\/a><\/h3><div class=\"sp-collapse spcollapse spcollapse\" id=\"collapse201\" data-parent=\"#sp-ea-20\" role=\"region\" aria-labelledby=\"ea-header-201\"><div class=\"ea-body\"><ul>\n<li>Si vous avez beaucoup de graisse stock\u00e9e au niveau de l'abdomen (taille), votre risque de d\u00e9velopper un diab\u00e8te de type 2 augmente. Des \u00e9tudes ont montr\u00e9 que la perte de poids peut r\u00e9duire de mani\u00e8re significative le risque de d\u00e9velopper un diab\u00e8te de type 2.<\/li>\n<\/ul>\n<\/div><\/div><\/div><div class=\"ea-card  sp-ea-single\"><h3 class=\"ea-header\"><a class=\"collapsed\" id=\"ea-header-202\" data-sptoggle=\"spcollapse\" data-sptarget=\"#collapse202\" aria-controls=\"collapse202\" href=\"javascript:void(0)\"  aria-expanded=\"false\" tabindex=\"0\"><i class=\"ea-expand-icon ea-icon-expand-plus\"><\/i> PAIN COMPLET<\/a><\/h3><div class=\"sp-collapse spcollapse spcollapse\" id=\"collapse202\" data-parent=\"#sp-ea-20\" role=\"region\" aria-labelledby=\"ea-header-202\"><div class=\"ea-body\"><ul>\n<li>De nombreuses \u00e9tudes sugg\u00e8rent que la consommation de pain complet et de produits \u00e0 base de farine compl\u00e8te r\u00e9duit le risque de diab\u00e8te de type 2.<\/li>\n<\/ul>\n<\/div><\/div><\/div><div class=\"ea-card  sp-ea-single\"><h3 class=\"ea-header\"><a class=\"collapsed\" id=\"ea-header-203\" data-sptoggle=\"spcollapse\" data-sptarget=\"#collapse203\" aria-controls=\"collapse203\" href=\"javascript:void(0)\"  aria-expanded=\"false\" tabindex=\"0\"><i class=\"ea-expand-icon ea-icon-expand-plus\"><\/i> VIANDE<\/a><\/h3><div class=\"sp-collapse spcollapse spcollapse\" id=\"collapse203\" data-parent=\"#sp-ea-20\" role=\"region\" aria-labelledby=\"ea-header-203\"><div class=\"ea-body\"><ul>\n<li>La consommation de b\u0153uf, de porc, de veau ou d'agneau augmente le risque de d\u00e9velopper un diab\u00e8te de type 2. Plus vous mangez de viande, plus votre risque est \u00e9lev\u00e9.<\/li>\n<\/ul>\n<\/div><\/div><\/div><div class=\"ea-card  sp-ea-single\"><h3 class=\"ea-header\"><a class=\"collapsed\" id=\"ea-header-204\" data-sptoggle=\"spcollapse\" data-sptarget=\"#collapse204\" aria-controls=\"collapse204\" href=\"javascript:void(0)\"  aria-expanded=\"false\" tabindex=\"0\"><i class=\"ea-expand-icon ea-icon-expand-plus\"><\/i> CAF\u00c9<\/a><\/h3><div class=\"sp-collapse spcollapse spcollapse\" id=\"collapse204\" data-parent=\"#sp-ea-20\" role=\"region\" aria-labelledby=\"ea-header-204\"><div class=\"ea-body\"><ul>\n<li>Des \u00e9tudes montrent un lien entre la consommation de caf\u00e9 et la diminution du risque de diab\u00e8te de type 2.<\/li>\n<\/ul>\n<\/div><\/div><\/div><div class=\"ea-card  sp-ea-single\"><h3 class=\"ea-header\"><a class=\"collapsed\" id=\"ea-header-205\" data-sptoggle=\"spcollapse\" data-sptarget=\"#collapse205\" aria-controls=\"collapse205\" href=\"javascript:void(0)\"  aria-expanded=\"false\" tabindex=\"0\"><i class=\"ea-expand-icon ea-icon-expand-plus\"><\/i> ALCOOL<\/a><\/h3><div class=\"sp-collapse spcollapse spcollapse\" id=\"collapse205\" data-parent=\"#sp-ea-20\" role=\"region\" aria-labelledby=\"ea-header-205\"><div class=\"ea-body\"><p>Une consommation mod\u00e9r\u00e9e d'alcool est associ\u00e9e \u00e0 un risque plus faible de diab\u00e8te de type 2. En revanche, une consommation accrue d'alcool augmente le risque de diab\u00e8te de type 2. La consommation d'alcool peut entra\u00eener une d\u00e9pendance, des l\u00e9sions h\u00e9patiques ou un cancer.<\/p>\n<\/div><\/div><\/div><div class=\"ea-card  sp-ea-single\"><h3 class=\"ea-header\"><a class=\"collapsed\" id=\"ea-header-206\" data-sptoggle=\"spcollapse\" data-sptarget=\"#collapse206\" aria-controls=\"collapse206\" href=\"javascript:void(0)\"  aria-expanded=\"false\" tabindex=\"0\"><i class=\"ea-expand-icon ea-icon-expand-plus\"><\/i> FUMER<\/a><\/h3><div class=\"sp-collapse spcollapse spcollapse\" id=\"collapse206\" data-parent=\"#sp-ea-20\" role=\"region\" aria-labelledby=\"ea-header-206\"><div class=\"ea-body\"><ul>\n<li>Un tabagisme important est associ\u00e9 \u00e0 un risque accru de diab\u00e8te de type 2. Le tabagisme peut \u00e9galement entra\u00eener des cancers et des maladies cardiovasculaires. Il est donc conseill\u00e9 d'arr\u00eater de fumer.<\/li>\n<\/ul>\n<\/div><\/div><\/div><\/div><\/div>","protected":false},"excerpt":{"rendered":"<p>Facteurs immuables qui influencent le risque de diab\u00e8te de type 2 : Facteurs modifiables qui influencent le risque de diab\u00e8te de type 2 :<\/p>","protected":false},"author":2,"featured_media":147,"parent":0,"menu_order":0,"comment_status":"closed","ping_status":"closed","template":"","meta":{"footnotes":""},"class_list":["post-14","page","type-page","status-publish","has-post-thumbnail","hentry"],"_links":{"self":[{"href":"https:\/\/www.lazarus-union.international\/diabetes\/fr\/wp-json\/wp\/v2\/pages\/14","targetHints":{"allow":["GET"]}}],"collection":[{"href":"https:\/\/www.lazarus-union.international\/diabetes\/fr\/wp-json\/wp\/v2\/pages"}],"about":[{"href":"https:\/\/www.lazarus-union.international\/diabetes\/fr\/wp-json\/wp\/v2\/types\/page"}],"author":[{"embeddable":true,"href":"https:\/\/www.lazarus-union.international\/diabetes\/fr\/wp-json\/wp\/v2\/users\/2"}],"replies":[{"embeddable":true,"href":"https:\/\/www.lazarus-union.international\/diabetes\/fr\/wp-json\/wp\/v2\/comments?post=14"}],"version-history":[{"count":6,"href":"https:\/\/www.lazarus-union.international\/diabetes\/fr\/wp-json\/wp\/v2\/pages\/14\/revisions"}],"predecessor-version":[{"id":152,"href":"https:\/\/www.lazarus-union.international\/diabetes\/fr\/wp-json\/wp\/v2\/pages\/14\/revisions\/152"}],"wp:featuredmedia":[{"embeddable":true,"href":"https:\/\/www.lazarus-union.international\/diabetes\/fr\/wp-json\/wp\/v2\/media\/147"}],"wp:attachment":[{"href":"https:\/\/www.lazarus-union.international\/diabetes\/fr\/wp-json\/wp\/v2\/media?parent=14"}],"curies":[{"name":"wp","href":"https:\/\/api.w.org\/{rel}","templated":true}]}}