{"id":6,"date":"2023-07-31T09:43:12","date_gmt":"2023-07-31T07:43:12","guid":{"rendered":"https:\/\/www.lazarus-union.international\/diabetes\/?page_id=6"},"modified":"2024-07-20T16:13:45","modified_gmt":"2024-07-20T14:13:45","slug":"diabetes","status":"publish","type":"page","link":"https:\/\/www.lazarus-union.international\/diabetes\/fr\/diabetes\/","title":{"rendered":"DIAB\u00c8TE"},"content":{"rendered":"<h2 class=\"wp-block-heading\">... QU'EST-CE QUE C'EST EN FAIT ?<\/h2>\n\n\n\n<p><br><\/p>\n\n\n\n<p><strong><em>Le diab\u00e8te, \u00e9galement appel\u00e9 diab\u00e8te sucr\u00e9, est une maladie chronique caract\u00e9ris\u00e9e par un taux \u00e9lev\u00e9 de sucre (glucose) dans le sang. Le glucose est une source d'\u00e9nergie vitale pour l'organisme et son taux est r\u00e9gul\u00e9 par l'insuline, une hormone produite par le pancr\u00e9as. L'insuline permet au glucose de p\u00e9n\u00e9trer dans les cellules de l'organisme, o\u00f9 il est utilis\u00e9 comme source d'\u00e9nergie.<\/em><\/strong><\/p>\n\n\n\n<div class=\"wp-block-media-text is-stacked-on-mobile has-pale-cyan-blue-background-color has-background\" style=\"grid-template-columns:36% auto\"><figure class=\"wp-block-media-text__media\"><img loading=\"lazy\" decoding=\"async\" width=\"1024\" height=\"1024\" src=\"https:\/\/www.lazarus-union.international\/diabetes\/wp-content\/uploads\/2024\/07\/SDG-Logo-inverted-Goal-03-1024x1024.png\" alt=\"\" class=\"wp-image-156 size-full\" srcset=\"https:\/\/www.lazarus-union.international\/diabetes\/wp-content\/uploads\/2024\/07\/SDG-Logo-inverted-Goal-03-1024x1024.png 1024w, https:\/\/www.lazarus-union.international\/diabetes\/wp-content\/uploads\/2024\/07\/SDG-Logo-inverted-Goal-03-300x300.png 300w, https:\/\/www.lazarus-union.international\/diabetes\/wp-content\/uploads\/2024\/07\/SDG-Logo-inverted-Goal-03-150x150.png 150w, https:\/\/www.lazarus-union.international\/diabetes\/wp-content\/uploads\/2024\/07\/SDG-Logo-inverted-Goal-03-768x768.png 768w, https:\/\/www.lazarus-union.international\/diabetes\/wp-content\/uploads\/2024\/07\/SDG-Logo-inverted-Goal-03-12x12.png 12w, https:\/\/www.lazarus-union.international\/diabetes\/wp-content\/uploads\/2024\/07\/SDG-Logo-inverted-Goal-03-100x100.png 100w, https:\/\/www.lazarus-union.international\/diabetes\/wp-content\/uploads\/2024\/07\/SDG-Logo-inverted-Goal-03.png 1500w\" sizes=\"auto, (max-width: 767px) 89vw, (max-width: 1000px) 54vw, (max-width: 1071px) 543px, 580px\" \/><\/figure><div class=\"wp-block-media-text__content\">\n<p class=\"has-pale-cyan-blue-background-color has-background\"><strong>Sant\u00e9 et bien-\u00eatre<\/strong><br>L'objectif 3 des ODD vise \u00e0 garantir une vie saine et \u00e0 promouvoir le bien-\u00eatre de tous \u00e0 tout \u00e2ge. Il aborde un large \u00e9ventail de priorit\u00e9s en mati\u00e8re de sant\u00e9, notamment la r\u00e9duction de la mortalit\u00e9 maternelle et infantile, la lutte contre les maladies infectieuses, la r\u00e9duction des maladies non transmissibles, la promotion de la sant\u00e9 mentale et la garantie d'un acc\u00e8s universel aux soins de sant\u00e9 et aux m\u00e9dicaments essentiels. Cet objectif souligne l'importance de l'\u00e9ducation \u00e0 la sant\u00e9, de la r\u00e9duction des risques sanitaires et de la n\u00e9cessit\u00e9 de disposer d'un syst\u00e8me de sant\u00e9 solide pour am\u00e9liorer les r\u00e9sultats sanitaires au niveau mondial.<\/p>\n<\/div><\/div>\n\n\n\n<h2 class=\"wp-block-heading\">Il existe trois principaux types de diab\u00e8te :<\/h2>\n\n\n\n<p class=\"has-black-color has-text-color\"><strong>Diab\u00e8te de type 1<\/strong>: Ce type de maladie survient lorsque le syst\u00e8me immunitaire de l'organisme attaque et d\u00e9truit les cellules b\u00eata du pancr\u00e9as qui produisent l'insuline. En cons\u00e9quence, l'organisme est incapable de produire de l'insuline ou en produit tr\u00e8s peu. Les personnes atteintes de diab\u00e8te de type 1 doivent se faire des injections d'insuline ou utiliser des pompes \u00e0 insuline pour g\u00e9rer efficacement leur taux de sucre dans le sang.<\/p>\n\n\n\n<p><strong>Diab\u00e8te de type 2<\/strong>: Il s'agit de la forme la plus courante de diab\u00e8te, qui repr\u00e9sente la majorit\u00e9 des cas. Dans le cas du diab\u00e8te de type 2, l'organisme ne produit pas assez d'insuline ou devient r\u00e9sistant \u00e0 ses effets. Il est souvent associ\u00e9 \u00e0 des facteurs tels que l'ob\u00e9sit\u00e9, la s\u00e9dentarit\u00e9, les pr\u00e9dispositions g\u00e9n\u00e9tiques et certaines ethnies. Le diab\u00e8te de type 2 peut g\u00e9n\u00e9ralement \u00eatre pris en charge par des changements de mode de vie, des m\u00e9dicaments oraux et, dans certains cas, une insulinoth\u00e9rapie.<\/p>\n\n\n\n<p><strong>Diab\u00e8te gestationnel<\/strong>: Ce type de diab\u00e8te survient pendant la grossesse, lorsque l'organisme n'est pas en mesure de produire suffisamment d'insuline pour r\u00e9pondre \u00e0 la demande accrue. Il dispara\u00eet g\u00e9n\u00e9ralement apr\u00e8s l'accouchement, mais les femmes qui ont souffert de diab\u00e8te gestationnel ont un risque plus \u00e9lev\u00e9 de d\u00e9velopper un diab\u00e8te de type 2 plus tard dans leur vie.<\/p>\n\n\n\n<p>Les sympt\u00f4mes du diab\u00e8te peuvent inclure des mictions fr\u00e9quentes, une soif excessive, une perte de poids inexpliqu\u00e9e, une faim accrue, de la fatigue et une vision floue. S'il n'est pas trait\u00e9 ou mal g\u00e9r\u00e9, le diab\u00e8te peut entra\u00eener de graves complications, telles que des maladies cardiaques, des l\u00e9sions r\u00e9nales, des l\u00e9sions nerveuses, des probl\u00e8mes oculaires et des troubles de la circulation.<\/p>\n\n\n\n<p>Selon les chiffres actuels, plus de 7 millions de personnes en Allemagne sont trait\u00e9es pour un diab\u00e8te. En outre, il y a 3 \u00e0 4 millions de personnes dont le diab\u00e8te n'a pas encore \u00e9t\u00e9 diagnostiqu\u00e9.<\/p>\n\n\n\n<p>Un contr\u00f4le r\u00e9gulier de la glyc\u00e9mie, une alimentation saine, un exercice physique r\u00e9gulier et l'observance des m\u00e9dicaments prescrits ou de l'insuline sont essentiels pour g\u00e9rer efficacement le diab\u00e8te et r\u00e9duire le risque de complications. Si vous pensez \u00eatre atteint de diab\u00e8te ou si vous en ressentez les sympt\u00f4mes, il est essentiel de consulter un professionnel de la sant\u00e9 pour obtenir un diagnostic et une prise en charge appropri\u00e9e.<\/p>","protected":false},"excerpt":{"rendered":"<p>... QU'EST-CE QUE C'EST EN FAIT ? Le diab\u00e8te, \u00e9galement appel\u00e9 diab\u00e8te sucr\u00e9, est une maladie chronique caract\u00e9ris\u00e9e par un taux \u00e9lev\u00e9 de sucre (glucose) dans le sang. Le glucose est une source d'\u00e9nergie vitale pour l'organisme et son taux est r\u00e9gul\u00e9 par l'insuline, une hormone produite par le pancr\u00e9as. L'insuline permet au glucose de p\u00e9n\u00e9trer dans le ... <\/p>\n<p class=\"link-more\"><a href=\"https:\/\/www.lazarus-union.international\/diabetes\/fr\/diabetes\/\" class=\"more-link\">Continuer la lecture<span class=\"screen-reader-text\"> de \" DIAB\u00c8TE \"<\/span><\/a><\/p>","protected":false},"author":2,"featured_media":146,"parent":0,"menu_order":0,"comment_status":"closed","ping_status":"closed","template":"","meta":{"footnotes":""},"class_list":["post-6","page","type-page","status-publish","has-post-thumbnail","hentry"],"_links":{"self":[{"href":"https:\/\/www.lazarus-union.international\/diabetes\/fr\/wp-json\/wp\/v2\/pages\/6","targetHints":{"allow":["GET"]}}],"collection":[{"href":"https:\/\/www.lazarus-union.international\/diabetes\/fr\/wp-json\/wp\/v2\/pages"}],"about":[{"href":"https:\/\/www.lazarus-union.international\/diabetes\/fr\/wp-json\/wp\/v2\/types\/page"}],"author":[{"embeddable":true,"href":"https:\/\/www.lazarus-union.international\/diabetes\/fr\/wp-json\/wp\/v2\/users\/2"}],"replies":[{"embeddable":true,"href":"https:\/\/www.lazarus-union.international\/diabetes\/fr\/wp-json\/wp\/v2\/comments?post=6"}],"version-history":[{"count":7,"href":"https:\/\/www.lazarus-union.international\/diabetes\/fr\/wp-json\/wp\/v2\/pages\/6\/revisions"}],"predecessor-version":[{"id":157,"href":"https:\/\/www.lazarus-union.international\/diabetes\/fr\/wp-json\/wp\/v2\/pages\/6\/revisions\/157"}],"wp:featuredmedia":[{"embeddable":true,"href":"https:\/\/www.lazarus-union.international\/diabetes\/fr\/wp-json\/wp\/v2\/media\/146"}],"wp:attachment":[{"href":"https:\/\/www.lazarus-union.international\/diabetes\/fr\/wp-json\/wp\/v2\/media?parent=6"}],"curies":[{"name":"wp","href":"https:\/\/api.w.org\/{rel}","templated":true}]}}