{"id":68,"date":"2023-07-31T14:05:50","date_gmt":"2023-07-31T12:05:50","guid":{"rendered":"https:\/\/www.lazarus-union.international\/diabetes\/?page_id=68"},"modified":"2023-07-31T18:23:08","modified_gmt":"2023-07-31T16:23:08","slug":"world-diabetes-day","status":"publish","type":"page","link":"https:\/\/www.lazarus-union.international\/diabetes\/fr\/","title":{"rendered":""},"content":{"rendered":"<p>La Journ\u00e9e mondiale du diab\u00e8te est une manifestation annuelle qui a lieu le 14 novembre de chaque ann\u00e9e. Elle a \u00e9t\u00e9 instaur\u00e9e en 1991 par la F\u00e9d\u00e9ration internationale du diab\u00e8te (FID) et l'Organisation mondiale de la sant\u00e9 (OMS) en r\u00e9ponse \u00e0 la menace croissante que repr\u00e9sente le diab\u00e8te pour la sant\u00e9 dans le monde.<\/p>\n\n\n\n<p>L'objectif premier de la Journ\u00e9e mondiale du diab\u00e8te est de sensibiliser le public au diab\u00e8te, \u00e0 ses facteurs de risque, \u00e0 sa pr\u00e9vention et \u00e0 l'importance d'un diagnostic pr\u00e9coce et d'une prise en charge appropri\u00e9e. Le diab\u00e8te est une maladie chronique caract\u00e9ris\u00e9e par un taux \u00e9lev\u00e9 de sucre dans le sang, qui peut entra\u00eener diverses complications s'il n'est pas pris en charge de mani\u00e8re responsable. Il existe deux principaux types de diab\u00e8te : le diab\u00e8te de type 1, qui est g\u00e9n\u00e9ralement diagnostiqu\u00e9 pendant l'enfance, et le diab\u00e8te de type 2, qui est plus fr\u00e9quent chez les adultes et est souvent associ\u00e9 \u00e0 des facteurs li\u00e9s au mode de vie, tels que l'ob\u00e9sit\u00e9 et la s\u00e9dentarit\u00e9.<\/p>\n\n\n\n<p>\u00c0 l'occasion de la Journ\u00e9e mondiale du diab\u00e8te, divers \u00e9v\u00e9nements, campagnes et activit\u00e9s sont organis\u00e9s dans le monde entier pour sensibiliser le public au diab\u00e8te et plaider en faveur de l'am\u00e9lioration des soins et de l'acc\u00e8s aux traitements pour les personnes touch\u00e9es. Les gouvernements, les organisations de soins de sant\u00e9 et les associations de diab\u00e9tiques profitent de cette journ\u00e9e pour promouvoir l'\u00e9ducation au diab\u00e8te, un mode de vie sain et la lutte contre cette maladie.<\/p>\n\n\n\n<p>Le symbole de la Journ\u00e9e mondiale du diab\u00e8te est un cercle bleu, qui repr\u00e9sente l'unit\u00e9 et la lutte mondiale contre le diab\u00e8te. Les monuments et les b\u00e2timents du monde entier sont souvent illumin\u00e9s en bleu pour montrer leur soutien \u00e0 la campagne.<\/p>\n\n\n\n<p>La Journ\u00e9e mondiale du diab\u00e8te est une plate-forme essentielle pour rassembler les individus, les professionnels de la sant\u00e9 et les d\u00e9cideurs politiques dans leurs efforts pour r\u00e9duire l'impact du diab\u00e8te et de ses complications sur la population mondiale.<\/p>","protected":false},"excerpt":{"rendered":"<p>La Journ\u00e9e mondiale du diab\u00e8te est une manifestation annuelle qui a lieu le 14 novembre de chaque ann\u00e9e. Elle a \u00e9t\u00e9 introduite en 1991 par la F\u00e9d\u00e9ration internationale du diab\u00e8te (FID) et l'Organisation mondiale de la sant\u00e9 (OMS) en r\u00e9ponse \u00e0 la menace croissante que repr\u00e9sente le diab\u00e8te pour la sant\u00e9 dans le monde. L'objectif principal de la Journ\u00e9e mondiale du diab\u00e8te est de sensibiliser le public au diab\u00e8te, \u00e0 sa ... <\/p>\n<p class=\"link-more\"><a href=\"https:\/\/www.lazarus-union.international\/diabetes\/fr\/\" class=\"more-link\">Continuer la lecture<span class=\"screen-reader-text\"> de \" \"<\/span><\/a><\/p>","protected":false},"author":2,"featured_media":0,"parent":0,"menu_order":0,"comment_status":"closed","ping_status":"closed","template":"","meta":{"footnotes":""},"class_list":["post-68","page","type-page","status-publish","hentry"],"_links":{"self":[{"href":"https:\/\/www.lazarus-union.international\/diabetes\/fr\/wp-json\/wp\/v2\/pages\/68","targetHints":{"allow":["GET"]}}],"collection":[{"href":"https:\/\/www.lazarus-union.international\/diabetes\/fr\/wp-json\/wp\/v2\/pages"}],"about":[{"href":"https:\/\/www.lazarus-union.international\/diabetes\/fr\/wp-json\/wp\/v2\/types\/page"}],"author":[{"embeddable":true,"href":"https:\/\/www.lazarus-union.international\/diabetes\/fr\/wp-json\/wp\/v2\/users\/2"}],"replies":[{"embeddable":true,"href":"https:\/\/www.lazarus-union.international\/diabetes\/fr\/wp-json\/wp\/v2\/comments?post=68"}],"version-history":[{"count":3,"href":"https:\/\/www.lazarus-union.international\/diabetes\/fr\/wp-json\/wp\/v2\/pages\/68\/revisions"}],"predecessor-version":[{"id":118,"href":"https:\/\/www.lazarus-union.international\/diabetes\/fr\/wp-json\/wp\/v2\/pages\/68\/revisions\/118"}],"wp:attachment":[{"href":"https:\/\/www.lazarus-union.international\/diabetes\/fr\/wp-json\/wp\/v2\/media?parent=68"}],"curies":[{"name":"wp","href":"https:\/\/api.w.org\/{rel}","templated":true}]}}