{"id":121,"date":"2023-08-04T21:54:18","date_gmt":"2023-08-04T19:54:18","guid":{"rendered":"https:\/\/www.lazarus-union.international\/diabetes\/?page_id=121"},"modified":"2024-07-20T16:07:07","modified_gmt":"2024-07-20T14:07:07","slug":"hypoglykamie","status":"publish","type":"page","link":"https:\/\/www.lazarus-union.international\/diabetes\/pt\/hypoglykamie\/","title":{"rendered":"Hipoglicemia"},"content":{"rendered":"<p><strong><em>A hipoglicemia refere-se a uma condi\u00e7\u00e3o em que o n\u00edvel de glicose no sangue do corpo est\u00e1 muito baixo, ou seja, fica abaixo da faixa normal. Normalmente, o n\u00edvel de glicose no sangue est\u00e1 em torno de 70 a 110 mg\/dL (miligramas por decilitro) ou 3,9 a 6,1 mmol\/L (milimoles por litro). A hipoglicemia ocorre quando o n\u00edvel de glicose no sangue cai abaixo de 70 mg\/dL (3,9 mmol\/L). Essa condi\u00e7\u00e3o \u00e9 particularmente relevante para pessoas com diabetes, mas tamb\u00e9m pode ocorrer em n\u00e3o diab\u00e9ticos.<\/em><\/strong><\/p>\n\n\n\n<h4 class=\"wp-block-heading\">Causas da hipoglicemia:<\/h4>\n\n\n\n<p><strong>Diabetes<\/strong>Em pessoas com diabetes, o excesso de insulina ou de outros medicamentos para baixar o a\u00e7\u00facar no sangue pode fazer com que os n\u00edveis de a\u00e7\u00facar no sangue caiam muito.<\/p>\n\n\n\n<p><strong>Atraso ou omiss\u00e3o de refei\u00e7\u00f5es<\/strong>: Se uma refei\u00e7\u00e3o for atrasada ou pulada, os n\u00edveis de glicose no sangue podem cair porque o corpo n\u00e3o est\u00e1 recebendo glicose suficiente dos alimentos.<\/p>\n\n\n\n<p><strong>Atividade f\u00edsica excessiva<\/strong>Atividade f\u00edsica intensa: a atividade f\u00edsica intensa pode reduzir os n\u00edveis de glicose no sangue, especialmente se n\u00e3o houver ingest\u00e3o suficiente de carboidratos.<\/p>\n\n\n\n<p><strong>Consumo de \u00e1lcool<\/strong>: O \u00e1lcool pode impedir o f\u00edgado de liberar glicose, o que pode levar \u00e0 hipoglicemia.<\/p>\n\n\n\n<h4 class=\"wp-block-heading\">Sintomas de hipoglicemia:<\/h4>\n\n\n\n<p>Os sintomas podem variar de leves a graves e podem incluir:<\/p>\n\n\n\n<ul class=\"wp-block-list\">\n<li>Tremores ou contra\u00e7\u00f5es<\/li>\n\n\n\n<li>Transpira\u00e7\u00e3o<\/li>\n\n\n\n<li>Palpita\u00e7\u00f5es ou aumento do pulso<\/li>\n\n\n\n<li>Ansiedade ou nervosismo<\/li>\n\n\n\n<li>Irritabilidade ou inquieta\u00e7\u00e3o<\/li>\n\n\n\n<li>tontura ou vertigem<\/li>\n\n\n\n<li>confus\u00e3o ou dificuldade de concentra\u00e7\u00e3o<\/li>\n\n\n\n<li>pele clara<\/li>\n\n\n\n<li>cansa\u00e7o ou fraqueza<\/li>\n\n\n\n<li>dor de cabe\u00e7a<\/li>\n\n\n\n<li>Fome<\/li>\n<\/ul>\n\n\n\n<h4 class=\"wp-block-heading\">Perigos da hipoglicemia:<\/h4>\n\n\n\n<p>A hipoglicemia n\u00e3o tratada pode ser perigosa e levar a complica\u00e7\u00f5es graves, inclusive:<\/p>\n\n\n\n<p><strong>Perda de consci\u00eancia<\/strong>Se os n\u00edveis de glicose no sangue ficarem muito baixos, pode ocorrer perda de consci\u00eancia, o que pode ser fatal.<\/p>\n\n\n\n<p><strong>Atividade de convuls\u00e3o<\/strong>: A hipoglicemia grave pode causar convuls\u00f5es.<\/p>\n\n\n\n<p><strong>Danos cerebrais<\/strong>: Se o c\u00e9rebro n\u00e3o receber glicose suficiente, pode ocorrer dano cerebral.<\/p>\n\n\n\n<p><strong>Acidentes<\/strong>: A hipoglicemia pode causar confus\u00e3o e fun\u00e7\u00e3o cognitiva prejudicada, aumentando o risco de acidentes.<\/p>\n\n\n\n<p><strong>Complica\u00e7\u00f5es em longo prazo<\/strong>: Epis\u00f3dios repetidos de hipoglicemia podem levar \u00e0 diminui\u00e7\u00e3o da percep\u00e7\u00e3o da hipoglicemia em pessoas com diabetes, aumentando o risco de novas hipoglicemias graves.<\/p>\n\n\n\n<p>\u00c9 importante reconhecer a hipoglicemia precocemente e trat\u00e1-la adequadamente, consumindo carboidratos ou injetando glucagon (um horm\u00f4nio que aumenta os n\u00edveis de glicose no sangue), se necess\u00e1rio. As pessoas com diabetes devem trabalhar em conjunto com seu m\u00e9dico para controlar os n\u00edveis de glicose no sangue e evitar a hipoglicemia.<\/p>\n\n\n\n<p>Se a hipoglicemia ocorrer com frequ\u00eancia ou for grave, \u00e9 importante informar o m\u00e9dico respons\u00e1vel para que o tratamento do diabetes seja ajustado de acordo.<\/p>","protected":false},"excerpt":{"rendered":"<p>A hipoglicemia refere-se a uma condi\u00e7\u00e3o em que o n\u00edvel de glicose no sangue do corpo est\u00e1 muito baixo, ou seja, est\u00e1 abaixo da faixa normal. Normalmente, o n\u00edvel de glicose no sangue est\u00e1 em torno de 70 a 110 mg\/dL (miligramas por decilitro) ou 3,9 a 6,1 mmol\/L (milimoles por litro). A hipoglicemia ocorre quando o n\u00edvel de glicose no sangue cai abaixo de 70 mg\/dL (3,9 mmol\/L). Isso ... <\/p>\n<p class=\"link-more\"><a href=\"https:\/\/www.lazarus-union.international\/diabetes\/pt\/hypoglykamie\/\" class=\"more-link\">Continue lendo<span class=\"screen-reader-text\"> \"Hipoglicemia\"<\/span><\/a><\/p>","protected":false},"author":2,"featured_media":145,"parent":0,"menu_order":0,"comment_status":"closed","ping_status":"closed","template":"","meta":{"footnotes":""},"class_list":["post-121","page","type-page","status-publish","has-post-thumbnail","hentry"],"_links":{"self":[{"href":"https:\/\/www.lazarus-union.international\/diabetes\/pt\/wp-json\/wp\/v2\/pages\/121","targetHints":{"allow":["GET"]}}],"collection":[{"href":"https:\/\/www.lazarus-union.international\/diabetes\/pt\/wp-json\/wp\/v2\/pages"}],"about":[{"href":"https:\/\/www.lazarus-union.international\/diabetes\/pt\/wp-json\/wp\/v2\/types\/page"}],"author":[{"embeddable":true,"href":"https:\/\/www.lazarus-union.international\/diabetes\/pt\/wp-json\/wp\/v2\/users\/2"}],"replies":[{"embeddable":true,"href":"https:\/\/www.lazarus-union.international\/diabetes\/pt\/wp-json\/wp\/v2\/comments?post=121"}],"version-history":[{"count":8,"href":"https:\/\/www.lazarus-union.international\/diabetes\/pt\/wp-json\/wp\/v2\/pages\/121\/revisions"}],"predecessor-version":[{"id":150,"href":"https:\/\/www.lazarus-union.international\/diabetes\/pt\/wp-json\/wp\/v2\/pages\/121\/revisions\/150"}],"wp:featuredmedia":[{"embeddable":true,"href":"https:\/\/www.lazarus-union.international\/diabetes\/pt\/wp-json\/wp\/v2\/media\/145"}],"wp:attachment":[{"href":"https:\/\/www.lazarus-union.international\/diabetes\/pt\/wp-json\/wp\/v2\/media?parent=121"}],"curies":[{"name":"wp","href":"https:\/\/api.w.org\/{rel}","templated":true}]}}