{"id":68,"date":"2023-07-31T14:05:50","date_gmt":"2023-07-31T12:05:50","guid":{"rendered":"https:\/\/www.lazarus-union.international\/diabetes\/?page_id=68"},"modified":"2023-07-31T18:23:08","modified_gmt":"2023-07-31T16:23:08","slug":"world-diabetes-day","status":"publish","type":"page","link":"https:\/\/www.lazarus-union.international\/diabetes\/pt\/","title":{"rendered":""},"content":{"rendered":"<p>O Dia Mundial do Diabetes \u00e9 uma comemora\u00e7\u00e3o anual realizada em 14 de novembro de cada ano. Foi institu\u00eddo em 1991 pela Federa\u00e7\u00e3o Internacional de Diabetes (IDF) e pela Organiza\u00e7\u00e3o Mundial da Sa\u00fade (OMS) em resposta \u00e0 crescente amea\u00e7a \u00e0 sa\u00fade causada pelo diabetes em todo o mundo.<\/p>\n\n\n\n<p>O principal objetivo do Dia Mundial do Diabetes \u00e9 aumentar a conscientiza\u00e7\u00e3o sobre o diabetes, seus fatores de risco, preven\u00e7\u00e3o e a import\u00e2ncia do diagn\u00f3stico precoce e do controle adequado. O diabetes \u00e9 uma doen\u00e7a cr\u00f4nica caracterizada por n\u00edveis elevados de a\u00e7\u00facar no sangue, que pode levar a v\u00e1rias complica\u00e7\u00f5es se n\u00e3o for controlado de forma respons\u00e1vel. Existem dois tipos principais de diabetes: o diabetes tipo 1, que geralmente \u00e9 diagnosticado na inf\u00e2ncia, e o diabetes tipo 2, que \u00e9 mais comum em adultos e geralmente est\u00e1 associado a fatores de estilo de vida, como obesidade e inatividade f\u00edsica.<\/p>\n\n\n\n<p>No Dia Mundial do Diabetes, v\u00e1rios eventos, campanhas e atividades s\u00e3o organizados globalmente para aumentar a compreens\u00e3o do p\u00fablico sobre o diabetes e defender a melhoria do atendimento e do acesso ao tratamento para as pessoas afetadas. Governos, organiza\u00e7\u00f5es de sa\u00fade e associa\u00e7\u00f5es de diabetes usam esse dia como uma oportunidade para promover a educa\u00e7\u00e3o sobre o diabetes, uma vida saud\u00e1vel e esfor\u00e7os para combater a doen\u00e7a.<\/p>\n\n\n\n<p>O s\u00edmbolo do Dia Mundial do Diabetes \u00e9 um c\u00edrculo azul, que representa a unidade e a luta global contra o diabetes. Pontos de refer\u00eancia e edif\u00edcios em todo o mundo s\u00e3o frequentemente iluminados em azul para mostrar apoio \u00e0 campanha.<\/p>\n\n\n\n<p>O Dia Mundial do Diabetes serve como uma plataforma essencial para reunir indiv\u00edduos, profissionais de sa\u00fade e formuladores de pol\u00edticas em seus esfor\u00e7os para reduzir o impacto do diabetes e suas complica\u00e7\u00f5es associadas na popula\u00e7\u00e3o global.<\/p>","protected":false},"excerpt":{"rendered":"<p>O Dia Mundial do Diabetes \u00e9 uma comemora\u00e7\u00e3o anual realizada em 14 de novembro de cada ano. Foi institu\u00eddo em 1991 pela Federa\u00e7\u00e3o Internacional de Diabetes (IDF) e pela Organiza\u00e7\u00e3o Mundial da Sa\u00fade (OMS) em resposta \u00e0 crescente amea\u00e7a \u00e0 sa\u00fade causada pelo diabetes em todo o mundo. O principal objetivo do Dia Mundial do Diabetes \u00e9 aumentar a conscientiza\u00e7\u00e3o sobre o diabetes, sua ... <\/p>\n<p class=\"link-more\"><a href=\"https:\/\/www.lazarus-union.international\/diabetes\/pt\/\" class=\"more-link\">Continue lendo<span class=\"screen-reader-text\"> &#8220;&#8221;<\/span><\/a><\/p>","protected":false},"author":2,"featured_media":0,"parent":0,"menu_order":0,"comment_status":"closed","ping_status":"closed","template":"","meta":{"footnotes":""},"class_list":["post-68","page","type-page","status-publish","hentry"],"_links":{"self":[{"href":"https:\/\/www.lazarus-union.international\/diabetes\/pt\/wp-json\/wp\/v2\/pages\/68","targetHints":{"allow":["GET"]}}],"collection":[{"href":"https:\/\/www.lazarus-union.international\/diabetes\/pt\/wp-json\/wp\/v2\/pages"}],"about":[{"href":"https:\/\/www.lazarus-union.international\/diabetes\/pt\/wp-json\/wp\/v2\/types\/page"}],"author":[{"embeddable":true,"href":"https:\/\/www.lazarus-union.international\/diabetes\/pt\/wp-json\/wp\/v2\/users\/2"}],"replies":[{"embeddable":true,"href":"https:\/\/www.lazarus-union.international\/diabetes\/pt\/wp-json\/wp\/v2\/comments?post=68"}],"version-history":[{"count":3,"href":"https:\/\/www.lazarus-union.international\/diabetes\/pt\/wp-json\/wp\/v2\/pages\/68\/revisions"}],"predecessor-version":[{"id":118,"href":"https:\/\/www.lazarus-union.international\/diabetes\/pt\/wp-json\/wp\/v2\/pages\/68\/revisions\/118"}],"wp:attachment":[{"href":"https:\/\/www.lazarus-union.international\/diabetes\/pt\/wp-json\/wp\/v2\/media?parent=68"}],"curies":[{"name":"wp","href":"https:\/\/api.w.org\/{rel}","templated":true}]}}